{"id":3,"date":"2023-06-28T06:06:35","date_gmt":"2023-06-28T06:06:35","guid":{"rendered":"https:\/\/buusterit.fi\/hiekkalaatikkolunni\/?page_id=3"},"modified":"2026-02-18T18:46:23","modified_gmt":"2026-02-18T18:46:23","slug":"tietosuojaseloste","status":"publish","type":"page","link":"https:\/\/lunni.fi\/sv\/tietosuojaseloste\/","title":{"rendered":"Integritetspolicy"},"content":{"rendered":"<p>[et_pb_section fb_built=&#8221;1&#8243; _builder_version=&#8221;4.21.0&#8243; _module_preset=&#8221;default&#8221; background_enable_image=&#8221;off&#8221; custom_margin_tablet=&#8221;&#8221; custom_margin_phone=&#8221;|30px||30px|false|false&#8221; custom_margin_last_edited=&#8221;on|phone&#8221; custom_padding=&#8221;||0px||false|false&#8221; global_colors_info=&#8221;{}&#8221;][et_pb_row _builder_version=&#8221;4.21.0&#8243; _module_preset=&#8221;default&#8221; width=&#8221;100%&#8221; max_width=&#8221;1530px&#8221; custom_margin_tablet=&#8221;&#8221; custom_margin_phone=&#8221;|||0px|false|false&#8221; custom_margin_last_edited=&#8221;on|desktop&#8221; custom_padding=&#8221;|0px|||false|false&#8221; global_colors_info=&#8221;{}&#8221;][et_pb_column type=&#8221;4_4&#8243; _builder_version=&#8221;4.21.0&#8243; _module_preset=&#8221;default&#8221; custom_padding=&#8221;|||220px|false|false&#8221; custom_padding_tablet=&#8221;|||50px|false|false&#8221; custom_padding_phone=&#8221;|0px||0px|false|false&#8221; custom_padding_last_edited=&#8221;on|phone&#8221; global_colors_info=&#8221;{}&#8221;][et_pb_text _builder_version=&#8221;4.21.0&#8243; _module_preset=&#8221;bf55779e-4f80-4274-bd41-af9c984da068&#8243; text_text_color=&#8221;#353534&#8243; header_font=&#8221;Work Sans||||||||&#8221; header_font_size=&#8221;50px&#8221; header_2_font=&#8221;Montserrat||||||||&#8221; header_2_font_size=&#8221;47px&#8221; custom_margin=&#8221;||10px||false|false&#8221; header_font_size_tablet=&#8221;50px&#8221; header_font_size_phone=&#8221;48px&#8221; header_font_size_last_edited=&#8221;on|desktop&#8221; global_colors_info=&#8221;{}&#8221;]<\/p>\n<h1>Tietosuojaseloste<\/h1>\n<p>[\/et_pb_text][et_pb_text _builder_version=&#8221;4.21.0&#8243; _module_preset=&#8221;099a67fd-18d3-42e4-aa27-40a55a8a1dbc&#8221; text_font=&#8221;Work Sans||||||||&#8221; text_text_color=&#8221;#171b3f&#8221; header_font=&#8221;Work Sans||||||||&#8221; custom_margin=&#8221;||||false|false&#8221; hover_enabled=&#8221;0&#8243; text_font_size_tablet=&#8221;&#8221; text_font_size_phone=&#8221;16px&#8221; text_font_size_last_edited=&#8221;on|phone&#8221; global_colors_info=&#8221;{}&#8221; sticky_enabled=&#8221;0&#8243;]Henkil\u00f6tietolain (523\/1999) 10 ja 24\u00a7:n mukainen Tietosuojaseloste<\/p>\n<h5 style=\"padding-top: 20px !important;\">Rekisterinpit\u00e4j\u00e4<\/h5>\n<p>Lunni Oy<br \/>\nSvinhufvudinkatu 23<br \/>\n15110 Lahti<\/p>\n<h5 style=\"padding-top: 20px !important;\">Yhteyshenkil\u00f6 rekisteriasioissa<\/h5>\n<p>Piia Aaltonen<br \/>\nSvinhufvudinkatu 23<br \/>\n15110 Lahti<br \/>\ninfo@lunni.fi<br \/>\npuh. +358 10 320 4900<\/p>\n<h5 style=\"padding-top: 20px !important;\">Rekisterin nimi<\/h5>\n<p>Lunni Oy:n asiakas- ja markkinointirekisteri (yritys ja niiden yhteyshenkil\u00f6t).<\/p>\n<h5 style=\"padding-top: 20px !important;\">Henkil\u00f6tietojen k\u00e4sittelyn tarkoitus<\/h5>\n<p style=\"padding-bottom: 0.3em !important;\">Henkil\u00f6tietoja voidaan k\u00e4ytt\u00e4\u00e4 seuraaviin tarkoituksiin:<\/p>\n<ul>\n<li>Asiakkuuteen ja asialliseen yhteyteen perustuvan suhteen hoitamiseen, markkinoinnin, mainonnan ja\/tai suoramarkkinoinnin hoitamiseen, hallintaan ja kehitt\u00e4miseen sek\u00e4 tutkimustoimintaan.<\/li>\n<li>Lis\u00e4ksi tietoja voidaan k\u00e4sitell\u00e4 rekister\u00f6idyn antaman suostumuksen perusteella ja sen mukaisesti.<\/li>\n<\/ul>\n<h5 style=\"padding-top: 20px !important;\">Rekister\u00f6it\u00e4v\u00e4t tiedot<\/h5>\n<p style=\"padding-bottom: 0.3em !important;\">Henkil\u00f6rekisteriin voidaan merkit\u00e4 seuraavan ryhmittelyn mukaiset tiedot rekister\u00f6idyist\u00e4:<\/p>\n<ul>\n<li>Nimi<\/li>\n<li>S\u00e4hk\u00f6postiosoite<\/li>\n<li>Matkapuhelinnumero<\/li>\n<li>Yritys ja asema<\/li>\n<li>Yrityksen osoitetiedot<\/li>\n<li>Suoramarkkinointiluvat ja -kiellot<\/li>\n<li>Rekister\u00f6ityyn kohdistetut asiakasviestint\u00e4- tai suoramarkkinointitoimenpiteet sek\u00e4 tiedot siit\u00e4, miten rekister\u00f6ity on niit\u00e4 hy\u00f6dynt\u00e4nyt<\/li>\n<li>Tiedot asiakkaan tilaamista palveluista, niiden toimittamisesta ja laskuttamisesta<\/li>\n<li>Asiakkuuteen ja muuhun asialliseen yhteyteen liittyv\u00e4 yhteydenpito ja viestint\u00e4 eri kanavissa ja medioissa (esim. reklamaatiot ja muut palautteet sek\u00e4 asiakaspalvelupuheluiden tallenteet)<\/li>\n<\/ul>\n<h5 style=\"padding-top: 20px !important;\">Henkil\u00f6rekisterin s\u00e4\u00e4nn\u00f6nmukaiset tietol\u00e4hteet<\/h5>\n<p>Rekisteri koostetaan Lunni Oy:n asiakkaista, liideist\u00e4, uutiskirjeen tilaajista sek\u00e4 mahdollisesti yleisesti saatavilla olevista internet l\u00e4hteist\u00e4, ty\u00f6kaluista,\u00a0 julkisista tai yksityisist\u00e4 rekistereist\u00e4 tai rekister\u00f6idylt\u00e4 itselt\u00e4\u00e4n h\u00e4nen t\u00e4ytt\u00e4ess\u00e4 verkkosivuston lomakkeen.<\/p>\n<h5 style=\"padding-top: 20px !important;\">S\u00e4\u00e4nn\u00f6nmukaiset tietojen luovutukset<\/h5>\n<p>Rekisterinpit\u00e4j\u00e4 ei luovuta rekister\u00f6ityjen henkil\u00f6tietoja ulkopuolisille, paitsi Suomen viranomaistoimien niin edellytt\u00e4ess\u00e4.<\/p>\n<h5 style=\"padding-top: 20px !important;\">Tietojen siirto EU:n tai ETA:n ulkopuolelle<\/h5>\n<p>Lunni Oy k\u00e4ytt\u00e4\u00e4 uutiskirjeviestinn\u00e4ss\u00e4 yhdysvaltalaista MailChimp -s\u00e4hk\u00f6postipalvelua, jolloin henkil\u00f6tietoja siirtyy Euroopan Unionin ulkopuolelle. Henkil\u00f6tiedot ovat kuitenkin suojattuna henkil\u00f6tietolain edellytt\u00e4m\u00e4ll\u00e4 tavalla.<\/p>\n<h5 style=\"padding-top: 20px !important;\">Rekisterin suojauksen periaatteet<\/h5>\n<p>Henkil\u00f6tiedot s\u00e4ilytet\u00e4\u00e4n luottamuksellisina. Rekisterin sis\u00e4lt\u00e4m\u00e4t tiedot on tallennettu rekisterinpit\u00e4j\u00e4n salasanoin suojattuun s\u00e4hk\u00f6iseen j\u00e4rjestelm\u00e4\u00e4n, jonne on p\u00e4\u00e4sy ainoastaan niill\u00e4 tietyill\u00e4, ennalta m\u00e4\u00e4ritellyill\u00e4 rekisterinpit\u00e4j\u00e4n henkil\u00f6kuntaan kuuluvilla tai sen lukuun toimivilla henkil\u00f6ill\u00e4, joille p\u00e4\u00e4sy j\u00e4rjestelm\u00e4\u00e4n on ty\u00f6teht\u00e4vien tai muun vastaavan syyn vuoksi tarpeen. Lunni Oy:n tietoverkko ja laitteisto, jolla rekisteri sijaitsee on suojattu palomuurilla ja muilla tarvittavilla teknisill\u00e4 toimenpiteill\u00e4. Rekisteritietoja k\u00e4sittelev\u00e4t henkil\u00f6t ovat salassapitovelvollisuuden alaisia.<\/p>\n<h5 style=\"padding-top: 20px !important;\">Tietojen tarkastusoikeus ja korjaaminen<\/h5>\n<p>Rekister\u00f6idyll\u00e4 on henkil\u00f6tietoja koskevan asetuksen mukaisesti oikeus tarkastaa, mit\u00e4 h\u00e4nt\u00e4 koskevia tietoja henkil\u00f6rekisteriin on tallennettu. Rekister\u00f6idyll\u00e4 on lis\u00e4ksi asetuksen mukaisesti oikeus vaatia rekisteriss\u00e4 olevan virheellisen tiedon korjaamista. Tietojen korjauspyynn\u00f6ss\u00e4 on yksil\u00f6it\u00e4v\u00e4 korjattava virhe ja ilmoitettava korjatut tiedot. Kirjallinen korjauspyynt\u00f6 on l\u00e4hetett\u00e4v\u00e4 yll\u00e4 mainitulle rekisteriasioista vastaavalle henkil\u00f6lle.<\/p>\n<h5 style=\"padding-top: 20px !important;\">Tietojen poistaminen<\/h5>\n<p>Tietoja voidaan poistaa rekister\u00f6idyn vaatimuksesta, asiakassuhteen loppumisen vuoksi, uutiskirjeen tilaamisen loppumisen vuoksi tai kun asiallista asiayhteytt\u00e4 ei en\u00e4\u00e4 ole.<\/p>\n<h5 style=\"padding-top: 20px !important;\">Kielto-oikeus<\/h5>\n<p>Rekister\u00f6idyll\u00e4 on oikeus kielt\u00e4\u00e4 tietojensa luovuttaminen ja k\u00e4sittely suoramainontaa ja muuta markkinointia varten.<\/p>\n<h5 style=\"padding-top: 20px !important;\">Lunni.fi k\u00e4vij\u00e4seuranta<\/h5>\n<p>T\u00e4ll\u00e4 verkkosivustolla k\u00e4ytet\u00e4\u00e4n k\u00e4ytt\u00e4j\u00e4seurannassa Google Analytics -ohjelmistoa, jonka tarjoaa Google Inc. (my\u00f6hemmin \u201dGoogle\u201d). Seurantaohjelman javascript-koodi ajetaan palvelussa jokaisella sivulatauksella. Google Analytics yksil\u00f6i k\u00e4ytt\u00e4j\u00e4n ns. ev\u00e4steill\u00e4 (engl. cookies), jotka ovat selaimen koneellesi tallentamia tekstitiedostoja.<\/p>\n<p>Ev\u00e4steill\u00e4 ker\u00e4tty k\u00e4ytt\u00e4j\u00e4tieto on anonyymia eli vierailijaa ei voida tunnistaa pelkkien ev\u00e4steiden avulla. Ev\u00e4steiden avulla saatua tietoa voidaan kuitenkin liitt\u00e4\u00e4 k\u00e4ytt\u00e4j\u00e4lt\u00e4 mahdollisesti muussa yhteydess\u00e4 saatuihin tietoihin, esimerkiksi k\u00e4ytt\u00e4j\u00e4n t\u00e4ytt\u00e4ess\u00e4 lomakkeen sivustollamme. K\u00e4ytt\u00e4j\u00e4 voi est\u00e4\u00e4 ev\u00e4steiden k\u00e4yt\u00f6n valitsemalla selaimensa asetuksista ev\u00e4steiden est\u00e4misen. T\u00e4ll\u00f6in k\u00e4ytt\u00e4j\u00e4 ei v\u00e4ltt\u00e4m\u00e4tt\u00e4 voi k\u00e4ytt\u00e4\u00e4 hyv\u00e4ksi kaikkia sivuston toiminnallisuuksia. K\u00e4ytt\u00e4m\u00e4ll\u00e4 n\u00e4it\u00e4 verkkosivuja k\u00e4ytt\u00e4j\u00e4 hyv\u00e4ksyy Googlen tiedonkeruun yll\u00e4 mainittuihin k\u00e4ytt\u00f6tarkoituksiin.<\/p>\n<p style=\"padding-bottom: 0.8em !important;\">Edell\u00e4 mainittujen k\u00e4ytt\u00e4j\u00e4seurannan ohjelmistojen lis\u00e4ksi Lunni.fi sivustolla voi olla k\u00e4yt\u00f6ss\u00e4 muitakin k\u00e4ytt\u00e4j\u00e4seurannan ohjelmistoja. K\u00e4ytt\u00e4j\u00e4seurannan ohjelmistot voivat tallentaa yksityiskohtaisempaa k\u00e4vij\u00e4tietoa kuin yll\u00e4 mainittu Google Analytics,<br \/>\nkuten rekister\u00f6ityyn kohdistetut asiakasviestint\u00e4- tai suoramarkkinointitoimenpiteet sek\u00e4 tiedot siit\u00e4, miten rekister\u00f6ity on niit\u00e4 hy\u00f6dynt\u00e4nyt, esimerkiksi:<\/p>\n<ul>\n<li>vierailijan IP-osoite<\/li>\n<li>vierailun ajankohta<\/li>\n<li>selatut sivut ja sivujen katseluajat<\/li>\n<li>vierailijan selain<\/li>\n<li>t\u00e4ytetyt lomakkeet<\/li>\n<li>sivusto, jolta rekister\u00f6ity on saapunut Lunni Oy:n verkkosivulle<\/li>\n<\/ul>\n<p>Google Analyticsin ker\u00e4\u00e4mi\u00e4 k\u00e4vij\u00e4tietoja ei kuitenkaan l\u00e4ht\u00f6kohtaisesti voida tunnistaa k\u00e4vij\u00e4\u00e4 tai h\u00e4nen perhett\u00e4\u00e4n tai h\u00e4nen kanssaan yhteisess\u00e4 taloudessa el\u00e4vi\u00e4 koskeviksi. Ohjelmistoja voidaan k\u00e4ytt\u00e4\u00e4 esimerkiksi m\u00e4\u00e4riteltyjen k\u00e4ytt\u00e4ytymiss\u00e4\u00e4nt\u00f6jen mukaan personoidun sis\u00e4ll\u00f6n esitt\u00e4miseen tai hiiren liikkeiden tunnistamiseen Lunni.fi sivustolla. Google Analytics ker\u00e4\u00e4 tietoa my\u00f6s k\u00e4vij\u00f6iden kiinnostuksen kohteista sen perusteella millaisilla sivustoilla k\u00e4vij\u00e4n selain on k\u00e4ynyt Google Display Network -verkostossa sek\u00e4 t\u00e4m\u00e4n datan perusteella arvioi k\u00e4vij\u00e4n demografia-tietoja. Google Analyticsiin kertyy vain anonyymia tietoa k\u00e4vij\u00e4ryhmien oletetuista kiinnostuksen kohteista sek\u00e4 k\u00e4vij\u00e4ryhmien oletetuista demografia-tiedoista. Tietoa vierailluista sivustoista tai yksitt\u00e4isist\u00e4 k\u00e4vij\u00f6ist\u00e4 ei ker\u00e4t\u00e4.<\/p>\n<p>Lis\u00e4tietoja Googlen analytiikkaseurannasta Googlen tietosuojasivulta. Google Analytics -seurannan voi est\u00e4\u00e4: <a href=\"https:\/\/tools.google.com\/dlpage\/gaoptout\" target=\"_blank\" rel=\"noopener\">http:\/\/tools.google.com\/dlpage\/gaoptout<\/a>[\/et_pb_text][\/et_pb_column][\/et_pb_row][\/et_pb_section]<\/p>\n","protected":false},"excerpt":{"rendered":"<p>TietosuojaselosteHenkil\u00f6tietolain (523\/1999) 10 ja 24\u00a7:n mukainen Tietosuojaseloste Rekisterinpit\u00e4j\u00e4 Lunni Oy Svinhufvudinkatu 23 15110 Lahti Yhteyshenkil\u00f6 rekisteriasioissa Piia Aaltonen Svinhufvudinkatu 23 15110 Lahti info@lunni.fi puh. +358 10 320 4900 Rekisterin nimi Lunni Oy:n asiakas- ja markkinointirekisteri (yritys ja niiden yhteyshenkil\u00f6t). Henkil\u00f6tietojen k\u00e4sittelyn tarkoitus Henkil\u00f6tietoja voidaan k\u00e4ytt\u00e4\u00e4 seuraaviin tarkoituksiin: Asiakkuuteen ja asialliseen yhteyteen perustuvan suhteen hoitamiseen, markkinoinnin, [&hellip;]<\/p>\n","protected":false},"author":1,"featured_media":0,"parent":0,"menu_order":0,"comment_status":"closed","ping_status":"closed","template":"","meta":{"_et_pb_use_builder":"on","_et_pb_old_content":"<!-- wp:heading --><h2>Who we are<\/h2><!-- \/wp:heading --><!-- wp:paragraph --><p><strong class=\"privacy-policy-tutorial\">Suggested text: <\/strong>Our website address is: https:\/\/lunni.fi.<\/p><!-- \/wp:paragraph --><!-- wp:heading --><h2>Comments<\/h2><!-- \/wp:heading --><!-- wp:paragraph --><p><strong class=\"privacy-policy-tutorial\">Suggested text: <\/strong>When visitors leave comments on the site we collect the data shown in the comments form, and also the visitor&#8217;s IP address and browser user agent string to help spam detection.<\/p><!-- \/wp:paragraph --><!-- wp:paragraph --><p>An anonymized string created from your email address (also called a hash) may be provided to the Gravatar service to see if you are using it. The Gravatar service privacy policy is available here: https:\/\/automattic.com\/privacy\/. After approval of your comment, your profile picture is visible to the public in the context of your comment.<\/p><!-- \/wp:paragraph --><!-- wp:heading --><h2>Media<\/h2><!-- \/wp:heading --><!-- wp:paragraph --><p><strong class=\"privacy-policy-tutorial\">Suggested text: <\/strong>If you upload images to the website, you should avoid uploading images with embedded location data (EXIF GPS) included. Visitors to the website can download and extract any location data from images on the website.<\/p><!-- \/wp:paragraph --><!-- wp:heading --><h2>Cookies<\/h2><!-- \/wp:heading --><!-- wp:paragraph --><p><strong class=\"privacy-policy-tutorial\">Suggested text: <\/strong>If you leave a comment on our site you may opt-in to saving your name, email address and website in cookies. These are for your convenience so that you do not have to fill in your details again when you leave another comment. These cookies will last for one year.<\/p><!-- \/wp:paragraph --><!-- wp:paragraph --><p>If you visit our login page, we will set a temporary cookie to determine if your browser accepts cookies. This cookie contains no personal data and is discarded when you close your browser.<\/p><!-- \/wp:paragraph --><!-- wp:paragraph --><p>When you log in, we will also set up several cookies to save your login information and your screen display choices. Login cookies last for two days, and screen options cookies last for a year. If you select &quot;Remember Me&quot;, your login will persist for two weeks. If you log out of your account, the login cookies will be removed.<\/p><!-- \/wp:paragraph --><!-- wp:paragraph --><p>If you edit or publish an article, an additional cookie will be saved in your browser. This cookie includes no personal data and simply indicates the post ID of the article you just edited. It expires after 1 day.<\/p><!-- \/wp:paragraph --><!-- wp:heading --><h2>Embedded content from other websites<\/h2><!-- \/wp:heading --><!-- wp:paragraph --><p><strong class=\"privacy-policy-tutorial\">Suggested text: <\/strong>Articles on this site may include embedded content (e.g. videos, images, articles, etc.). Embedded content from other websites behaves in the exact same way as if the visitor has visited the other website.<\/p><!-- \/wp:paragraph --><!-- wp:paragraph --><p>These websites may collect data about you, use cookies, embed additional third-party tracking, and monitor your interaction with that embedded content, including tracking your interaction with the embedded content if you have an account and are logged in to that website.<\/p><!-- \/wp:paragraph --><!-- wp:heading --><h2>Who we share your data with<\/h2><!-- \/wp:heading --><!-- wp:paragraph --><p><strong class=\"privacy-policy-tutorial\">Suggested text: <\/strong>If you request a password reset, your IP address will be included in the reset email.<\/p><!-- \/wp:paragraph --><!-- wp:heading --><h2>How long we retain your data<\/h2><!-- \/wp:heading --><!-- wp:paragraph --><p><strong class=\"privacy-policy-tutorial\">Suggested text: <\/strong>If you leave a comment, the comment and its metadata are retained indefinitely. This is so we can recognize and approve any follow-up comments automatically instead of holding them in a moderation queue.<\/p><!-- \/wp:paragraph --><!-- wp:paragraph --><p>For users that register on our website (if any), we also store the personal information they provide in their user profile. All users can see, edit, or delete their personal information at any time (except they cannot change their username). Website administrators can also see and edit that information.<\/p><!-- \/wp:paragraph --><!-- wp:heading --><h2>What rights you have over your data<\/h2><!-- \/wp:heading --><!-- wp:paragraph --><p><strong class=\"privacy-policy-tutorial\">Suggested text: <\/strong>If you have an account on this site, or have left comments, you can request to receive an exported file of the personal data we hold about you, including any data you have provided to us. You can also request that we erase any personal data we hold about you. This does not include any data we are obliged to keep for administrative, legal, or security purposes.<\/p><!-- \/wp:paragraph --><!-- wp:heading --><h2>Where your data is sent<\/h2><!-- \/wp:heading --><!-- wp:paragraph --><p><strong class=\"privacy-policy-tutorial\">Suggested text: <\/strong>Visitor comments may be checked through an automated spam detection service.<\/p><!-- \/wp:paragraph -->","_et_gb_content_width":"","footnotes":""},"class_list":["post-3","page","type-page","status-publish","hentry"],"yoast_head":"<!-- This site is optimized with the Yoast SEO plugin v27.4 - https:\/\/yoast.com\/product\/yoast-seo-wordpress\/ -->\n<title>Tietosuojaseloste - Lunni<\/title>\n<meta name=\"robots\" content=\"index, follow, max-snippet:-1, max-image-preview:large, max-video-preview:-1\" \/>\n<link rel=\"canonical\" href=\"https:\/\/lunni.fi\/sv\/tietosuojaseloste\/\" \/>\n<meta property=\"og:locale\" content=\"sv_SE\" \/>\n<meta property=\"og:type\" content=\"article\" \/>\n<meta property=\"og:title\" content=\"Tietosuojaseloste - Lunni\" \/>\n<meta property=\"og:description\" content=\"TietosuojaselosteHenkil\u00f6tietolain (523\/1999) 10 ja 24\u00a7:n mukainen Tietosuojaseloste Rekisterinpit\u00e4j\u00e4 Lunni Oy Svinhufvudinkatu 23 15110 Lahti Yhteyshenkil\u00f6 rekisteriasioissa Piia Aaltonen Svinhufvudinkatu 23 15110 Lahti info@lunni.fi puh. +358 10 320 4900 Rekisterin nimi Lunni Oy:n asiakas- ja markkinointirekisteri (yritys ja niiden yhteyshenkil\u00f6t). Henkil\u00f6tietojen k\u00e4sittelyn tarkoitus Henkil\u00f6tietoja voidaan k\u00e4ytt\u00e4\u00e4 seuraaviin tarkoituksiin: Asiakkuuteen ja asialliseen yhteyteen perustuvan suhteen hoitamiseen, markkinoinnin, [&hellip;]\" \/>\n<meta property=\"og:url\" content=\"https:\/\/lunni.fi\/sv\/tietosuojaseloste\/\" \/>\n<meta property=\"og:site_name\" content=\"Lunni\" \/>\n<meta property=\"article:modified_time\" content=\"2026-02-18T18:46:23+00:00\" \/>\n<meta name=\"twitter:card\" content=\"summary_large_image\" \/>\n<meta name=\"twitter:label1\" content=\"Ber\u00e4knad l\u00e4stid\" \/>\n\t<meta name=\"twitter:data1\" content=\"5 minuter\" \/>\n<script type=\"application\/ld+json\" class=\"yoast-schema-graph\">{\"@context\":\"https:\\\/\\\/schema.org\",\"@graph\":[{\"@type\":\"WebPage\",\"@id\":\"https:\\\/\\\/lunni.fi\\\/tietosuojaseloste\\\/\",\"url\":\"https:\\\/\\\/lunni.fi\\\/tietosuojaseloste\\\/\",\"name\":\"Tietosuojaseloste - Lunni\",\"isPartOf\":{\"@id\":\"https:\\\/\\\/lunni.fi\\\/#website\"},\"datePublished\":\"2023-06-28T06:06:35+00:00\",\"dateModified\":\"2026-02-18T18:46:23+00:00\",\"breadcrumb\":{\"@id\":\"https:\\\/\\\/lunni.fi\\\/tietosuojaseloste\\\/#breadcrumb\"},\"inLanguage\":\"sv-SE\",\"potentialAction\":[{\"@type\":\"ReadAction\",\"target\":[\"https:\\\/\\\/lunni.fi\\\/tietosuojaseloste\\\/\"]}]},{\"@type\":\"BreadcrumbList\",\"@id\":\"https:\\\/\\\/lunni.fi\\\/tietosuojaseloste\\\/#breadcrumb\",\"itemListElement\":[{\"@type\":\"ListItem\",\"position\":1,\"name\":\"Etusivu\",\"item\":\"https:\\\/\\\/lunni.fi\\\/\"},{\"@type\":\"ListItem\",\"position\":2,\"name\":\"Tietosuojaseloste\"}]},{\"@type\":\"WebSite\",\"@id\":\"https:\\\/\\\/lunni.fi\\\/#website\",\"url\":\"https:\\\/\\\/lunni.fi\\\/\",\"name\":\"Lunni\",\"description\":\"\",\"potentialAction\":[{\"@type\":\"SearchAction\",\"target\":{\"@type\":\"EntryPoint\",\"urlTemplate\":\"https:\\\/\\\/lunni.fi\\\/?s={search_term_string}\"},\"query-input\":{\"@type\":\"PropertyValueSpecification\",\"valueRequired\":true,\"valueName\":\"search_term_string\"}}],\"inLanguage\":\"sv-SE\"}]}<\/script>\n<!-- \/ Yoast SEO plugin. -->","yoast_head_json":{"title":"Integritetspolicy - Lunni","robots":{"index":"index","follow":"follow","max-snippet":"max-snippet:-1","max-image-preview":"max-image-preview:large","max-video-preview":"max-video-preview:-1"},"canonical":"https:\/\/lunni.fi\/sv\/tietosuojaseloste\/","og_locale":"sv_SE","og_type":"article","og_title":"Tietosuojaseloste - Lunni","og_description":"TietosuojaselosteHenkil\u00f6tietolain (523\/1999) 10 ja 24\u00a7:n mukainen Tietosuojaseloste Rekisterinpit\u00e4j\u00e4 Lunni Oy Svinhufvudinkatu 23 15110 Lahti Yhteyshenkil\u00f6 rekisteriasioissa Piia Aaltonen Svinhufvudinkatu 23 15110 Lahti info@lunni.fi puh. +358 10 320 4900 Rekisterin nimi Lunni Oy:n asiakas- ja markkinointirekisteri (yritys ja niiden yhteyshenkil\u00f6t). Henkil\u00f6tietojen k\u00e4sittelyn tarkoitus Henkil\u00f6tietoja voidaan k\u00e4ytt\u00e4\u00e4 seuraaviin tarkoituksiin: Asiakkuuteen ja asialliseen yhteyteen perustuvan suhteen hoitamiseen, markkinoinnin, [&hellip;]","og_url":"https:\/\/lunni.fi\/sv\/tietosuojaseloste\/","og_site_name":"Lunni","article_modified_time":"2026-02-18T18:46:23+00:00","twitter_card":"summary_large_image","twitter_misc":{"Ber\u00e4knad l\u00e4stid":"5 minuter"},"schema":{"@context":"https:\/\/schema.org","@graph":[{"@type":"WebPage","@id":"https:\/\/lunni.fi\/tietosuojaseloste\/","url":"https:\/\/lunni.fi\/tietosuojaseloste\/","name":"Integritetspolicy - Lunni","isPartOf":{"@id":"https:\/\/lunni.fi\/#website"},"datePublished":"2023-06-28T06:06:35+00:00","dateModified":"2026-02-18T18:46:23+00:00","breadcrumb":{"@id":"https:\/\/lunni.fi\/tietosuojaseloste\/#breadcrumb"},"inLanguage":"sv-SE","potentialAction":[{"@type":"ReadAction","target":["https:\/\/lunni.fi\/tietosuojaseloste\/"]}]},{"@type":"BreadcrumbList","@id":"https:\/\/lunni.fi\/tietosuojaseloste\/#breadcrumb","itemListElement":[{"@type":"ListItem","position":1,"name":"Etusivu","item":"https:\/\/lunni.fi\/"},{"@type":"ListItem","position":2,"name":"Tietosuojaseloste"}]},{"@type":"WebSite","@id":"https:\/\/lunni.fi\/#website","url":"https:\/\/lunni.fi\/","name":"Lunni","description":"","potentialAction":[{"@type":"SearchAction","target":{"@type":"EntryPoint","urlTemplate":"https:\/\/lunni.fi\/?s={search_term_string}"},"query-input":{"@type":"PropertyValueSpecification","valueRequired":true,"valueName":"search_term_string"}}],"inLanguage":"sv-SE"}]}},"_links":{"self":[{"href":"https:\/\/lunni.fi\/sv\/wp-json\/wp\/v2\/pages\/3","targetHints":{"allow":["GET"]}}],"collection":[{"href":"https:\/\/lunni.fi\/sv\/wp-json\/wp\/v2\/pages"}],"about":[{"href":"https:\/\/lunni.fi\/sv\/wp-json\/wp\/v2\/types\/page"}],"author":[{"embeddable":true,"href":"https:\/\/lunni.fi\/sv\/wp-json\/wp\/v2\/users\/1"}],"replies":[{"embeddable":true,"href":"https:\/\/lunni.fi\/sv\/wp-json\/wp\/v2\/comments?post=3"}],"version-history":[{"count":8,"href":"https:\/\/lunni.fi\/sv\/wp-json\/wp\/v2\/pages\/3\/revisions"}],"predecessor-version":[{"id":2662,"href":"https:\/\/lunni.fi\/sv\/wp-json\/wp\/v2\/pages\/3\/revisions\/2662"}],"wp:attachment":[{"href":"https:\/\/lunni.fi\/sv\/wp-json\/wp\/v2\/media?parent=3"}],"curies":[{"name":"wp","href":"https:\/\/api.w.org\/{rel}","templated":true}]}}