{"id":2723,"date":"2026-02-19T23:00:52","date_gmt":"2026-02-19T23:00:52","guid":{"rendered":"https:\/\/lunni.fi\/?page_id=2723"},"modified":"2026-03-02T17:30:21","modified_gmt":"2026-03-02T17:30:21","slug":"ecm-organisaation-dokumenttien-ja-sisaltojen-hallintaan","status":"publish","type":"page","link":"https:\/\/lunni.fi\/en\/ecm-organisaation-dokumenttien-ja-sisaltojen-hallintaan\/","title":{"rendered":"ECM \u2013 For Organisational Document and Content Management"},"content":{"rendered":"<p>[et_pb_section fb_built=&#8221;1&#8243; _builder_version=&#8221;4.21.0&#8243; _module_preset=&#8221;default&#8221; background_enable_image=&#8221;off&#8221; custom_margin=&#8221;||-60px||false|false&#8221; custom_margin_tablet=&#8221;&#8221; custom_margin_phone=&#8221;|30px|-100px|30px|false|false&#8221; custom_margin_last_edited=&#8221;on|phone&#8221; custom_padding=&#8221;||||false|false&#8221; global_colors_info=&#8221;{}&#8221;][et_pb_row column_structure=&#8221;1_2,1_2&#8243; _builder_version=&#8221;4.21.0&#8243; _module_preset=&#8221;default&#8221; width=&#8221;100%&#8221; max_width=&#8221;1530px&#8221; custom_margin_tablet=&#8221;&#8221; custom_margin_phone=&#8221;|||0px|false|false&#8221; custom_margin_last_edited=&#8221;on|desktop&#8221; custom_padding=&#8221;|0px|||false|false&#8221; global_colors_info=&#8221;{}&#8221;][et_pb_column type=&#8221;1_2&#8243; _builder_version=&#8221;4.21.0&#8243; _module_preset=&#8221;default&#8221; custom_padding=&#8221;|||220px|false|false&#8221; custom_padding_tablet=&#8221;|||50px|false|false&#8221; custom_padding_phone=&#8221;|0px||0px|false|false&#8221; custom_padding_last_edited=&#8221;on|phone&#8221; global_colors_info=&#8221;{}&#8221;][et_pb_text _builder_version=&#8221;4.21.0&#8243; _module_preset=&#8221;bf55779e-4f80-4274-bd41-af9c984da068&#8243; text_text_color=&#8221;#353534&#8243; header_font=&#8221;Work Sans||||||||&#8221; header_font_size=&#8221;52px&#8221; header_2_font=&#8221;Montserrat||||||||&#8221; header_2_font_size=&#8221;47px&#8221; custom_margin=&#8221;||10px||false|false&#8221; header_font_size_phone=&#8221;46px&#8221; global_colors_info=&#8221;{}&#8221;]<\/p>\n<h1>ECM \u2013 Organisaation dokumenttien ja sis\u00e4lt\u00f6jen hallintaan<\/h1>\n<p>[\/et_pb_text][et_pb_text _builder_version=&#8221;4.21.0&#8243; _module_preset=&#8221;099a67fd-18d3-42e4-aa27-40a55a8a1dbc&#8221; text_font=&#8221;Work Sans||||||||&#8221; text_text_color=&#8221;#171b3f&#8221; custom_margin=&#8221;||40px||false|false&#8221; text_font_size_tablet=&#8221;&#8221; text_font_size_phone=&#8221;16px&#8221; text_font_size_last_edited=&#8221;on|phone&#8221; global_colors_info=&#8221;{}&#8221;]<\/p>\n<p>Lunni360 ECM (Enterprise Content Management) tuo kaikki asiakirjat ja dokumentit yhteen paikkaan, suoraan oikeaan\/ oikeisiin asiayhteyksiin. Rajaton tallennustila (mm. AWS S3), kaikki tiedostotyypit tallennettavissa.\u00a0<\/p>\n<p>Asiakirjat l\u00f6ytyv\u00e4t nopeasti, s\u00e4\u00e4styy aikaa, ty\u00f6skentely tehostuu, virheet v\u00e4henev\u00e4t ja kustannukset pienenev\u00e4t.<\/p>\n<p>[\/et_pb_text][et_pb_blurb use_icon=&#8221;on&#8221; font_icon=&#8221;&#x4e;||divi||400&#8243; icon_color=&#8221;#54b9ea&#8221; image_icon_width=&#8221;35px&#8221; _builder_version=&#8221;4.21.0&#8243; _module_preset=&#8221;94cecc2d-6700-433f-80cb-2a262fe7c259&#8243; header_font=&#8221;Work Sans|700|||||||&#8221; header_text_color=&#8221;#171b3f&#8221; header_font_size=&#8221;17px&#8221; body_font=&#8221;Work Sans||||||||&#8221; body_line_height=&#8221;1.5em&#8221; background_enable_color=&#8221;off&#8221; image_icon_custom_margin=&#8221;||||false|false&#8221; image_icon_custom_padding=&#8221;||||false|false&#8221; custom_margin=&#8221;0px||20px||false|false&#8221; custom_padding=&#8221;||||false|false&#8221; custom_css_main_element=&#8221;color: #171b3f;&#8221; border_color_all=&#8221;RGBA(255,255,255,0)&#8221; border_width_top=&#8221;1px&#8221; border_width_right=&#8221;1px&#8221; border_width_bottom=&#8221;1px&#8221; border_width_left=&#8221;1px&#8221; saved_tabs=&#8221;all&#8221; locked=&#8221;off&#8221; global_colors_info=&#8221;{}&#8221;]<strong>Vastauksia, kun niit\u00e4 tarvitaan \u2013<\/strong>  Asiakirjat voidaan yhdist\u00e4\u00e4 asiakkaisiin, tapaamisiin, tilauksiin, ty\u00f6m\u00e4\u00e4r\u00e4imiin, laitteisiin ja muihin j\u00e4rjestelm\u00e4n tietoihin.[\/et_pb_blurb][et_pb_blurb use_icon=&#8221;on&#8221; font_icon=&#8221;&#x4e;||divi||400&#8243; icon_color=&#8221;#54b9ea&#8221; image_icon_width=&#8221;35px&#8221; _builder_version=&#8221;4.21.0&#8243; _module_preset=&#8221;94cecc2d-6700-433f-80cb-2a262fe7c259&#8243; header_font=&#8221;Work Sans|700|||||||&#8221; header_text_color=&#8221;#171b3f&#8221; header_font_size=&#8221;17px&#8221; body_font=&#8221;Work Sans||||||||&#8221; body_line_height=&#8221;1.5em&#8221; background_enable_color=&#8221;off&#8221; image_icon_custom_margin=&#8221;||||false|false&#8221; image_icon_custom_padding=&#8221;||||false|false&#8221; custom_margin=&#8221;0px||20px||false|false&#8221; custom_padding=&#8221;||||false|false&#8221; custom_css_main_element=&#8221;color: #171b3f;&#8221; border_color_all=&#8221;RGBA(255,255,255,0)&#8221; border_width_top=&#8221;1px&#8221; border_width_right=&#8221;1px&#8221; border_width_bottom=&#8221;1px&#8221; border_width_left=&#8221;1px&#8221; saved_tabs=&#8221;all&#8221; locked=&#8221;off&#8221; global_colors_info=&#8221;{}&#8221;]<strong>V\u00e4hemm\u00e4n manuaalista ty\u00f6t\u00e4 \u2013<\/strong>  Dynaamisilla yhdist\u00e4mispohjilla luot uusia tyylikk\u00e4it\u00e4 dokumentteja helposti ja tehokkaasti.[\/et_pb_blurb][et_pb_blurb use_icon=&#8221;on&#8221; font_icon=&#8221;&#x4e;||divi||400&#8243; icon_color=&#8221;#54b9ea&#8221; image_icon_width=&#8221;35px&#8221; _builder_version=&#8221;4.21.0&#8243; _module_preset=&#8221;94cecc2d-6700-433f-80cb-2a262fe7c259&#8243; header_font=&#8221;Work Sans|700|||||||&#8221; header_text_color=&#8221;#171b3f&#8221; header_font_size=&#8221;17px&#8221; body_font=&#8221;Work Sans||||||||&#8221; body_line_height=&#8221;1.5em&#8221; background_enable_color=&#8221;off&#8221; image_icon_custom_margin=&#8221;||||false|false&#8221; image_icon_custom_padding=&#8221;||||false|false&#8221; custom_margin=&#8221;0px||40px||false|false&#8221; custom_padding=&#8221;||0px||false|false&#8221; custom_css_main_element=&#8221;color: #171b3f;&#8221; border_color_all=&#8221;RGBA(255,255,255,0)&#8221; border_width_top=&#8221;1px&#8221; border_width_right=&#8221;1px&#8221; border_width_bottom=&#8221;1px&#8221; border_width_left=&#8221;1px&#8221; saved_tabs=&#8221;all&#8221; locked=&#8221;off&#8221; global_colors_info=&#8221;{}&#8221;]<strong>Parempaa tiedonkulkua \u2013 <\/strong> Kaikki osapuolet, ty\u00f6njohto, kentt\u00e4henkil\u00f6st\u00f6, jopa asiakkaat, p\u00e4\u00e4sev\u00e4t k\u00e4siksi ajantasaiseen dokumentaatioon rooliensa mukaisesti.[\/et_pb_blurb][et_pb_text _builder_version=&#8221;4.21.0&#8243; _module_preset=&#8221;099a67fd-18d3-42e4-aa27-40a55a8a1dbc&#8221; text_font=&#8221;Work Sans||||||||&#8221; text_text_color=&#8221;#171b3f&#8221; custom_margin=&#8221;20px||30px||false|false&#8221; text_font_size_tablet=&#8221;&#8221; text_font_size_phone=&#8221;16px&#8221; text_font_size_last_edited=&#8221;on|phone&#8221; global_colors_info=&#8221;{}&#8221;]<\/p>\n<p>HY\u00d6DYT ERI SOVELLUSALUEILLA<\/p>\n<p>[\/et_pb_text][et_pb_blurb use_icon=&#8221;on&#8221; font_icon=&#8221;&#x4e;||divi||400&#8243; icon_color=&#8221;#54b9ea&#8221; image_icon_width=&#8221;35px&#8221; _builder_version=&#8221;4.21.0&#8243; _module_preset=&#8221;94cecc2d-6700-433f-80cb-2a262fe7c259&#8243; header_font=&#8221;Work Sans|700|||||||&#8221; header_text_color=&#8221;#171b3f&#8221; header_font_size=&#8221;17px&#8221; body_font=&#8221;Work Sans||||||||&#8221; body_line_height=&#8221;1.5em&#8221; background_enable_color=&#8221;off&#8221; image_icon_custom_margin=&#8221;||||false|false&#8221; image_icon_custom_padding=&#8221;||||false|false&#8221; custom_margin=&#8221;0px||20px||false|false&#8221; custom_padding=&#8221;||||false|false&#8221; custom_css_main_element=&#8221;color: #171b3f;&#8221; border_color_all=&#8221;RGBA(255,255,255,0)&#8221; border_width_top=&#8221;1px&#8221; border_width_right=&#8221;1px&#8221; border_width_bottom=&#8221;1px&#8221; border_width_left=&#8221;1px&#8221; saved_tabs=&#8221;all&#8221; locked=&#8221;off&#8221; global_colors_info=&#8221;{}&#8221;]<strong>Huolto ja kunnossapito \u2013 <\/strong> Huoltojen dokumentaatio, korjaus- ja k\u00e4ytt\u00f6ohjeet sek\u00e4 muu tekninen dokumentaatio aina saatavilla. Nopeuttaa ty\u00f6skentely\u00e4 ja parantaa ty\u00f6n laatua.[\/et_pb_blurb][et_pb_blurb use_icon=&#8221;on&#8221; font_icon=&#8221;&#x4e;||divi||400&#8243; icon_color=&#8221;#54b9ea&#8221; image_icon_width=&#8221;35px&#8221; _builder_version=&#8221;4.21.0&#8243; _module_preset=&#8221;94cecc2d-6700-433f-80cb-2a262fe7c259&#8243; header_font=&#8221;Work Sans|700|||||||&#8221; header_text_color=&#8221;#171b3f&#8221; header_font_size=&#8221;17px&#8221; body_font=&#8221;Work Sans||||||||&#8221; body_line_height=&#8221;1.5em&#8221; background_enable_color=&#8221;off&#8221; image_icon_custom_margin=&#8221;-5px||||false|false&#8221; image_icon_custom_padding=&#8221;||||false|false&#8221; custom_margin=&#8221;0px||20px||false|false&#8221; custom_padding=&#8221;||||false|false&#8221; custom_css_main_element=&#8221;color: #171b3f;&#8221; border_color_all=&#8221;RGBA(255,255,255,0)&#8221; border_width_top=&#8221;1px&#8221; border_width_right=&#8221;1px&#8221; border_width_bottom=&#8221;1px&#8221; border_width_left=&#8221;1px&#8221; saved_tabs=&#8221;all&#8221; locked=&#8221;off&#8221; global_colors_info=&#8221;{}&#8221;]<strong>Kentt\u00e4ty\u00f6 \u2013 <\/strong>  Ty\u00f6ohjeet ja enemm\u00e4n aikaa asiakasty\u00f6h\u00f6n.[\/et_pb_blurb][et_pb_blurb use_icon=&#8221;on&#8221; font_icon=&#8221;&#x4e;||divi||400&#8243; icon_color=&#8221;#54b9ea&#8221; image_icon_width=&#8221;35px&#8221; _builder_version=&#8221;4.21.0&#8243; _module_preset=&#8221;94cecc2d-6700-433f-80cb-2a262fe7c259&#8243; header_font=&#8221;Work Sans|700|||||||&#8221; header_text_color=&#8221;#171b3f&#8221; header_font_size=&#8221;17px&#8221; body_font=&#8221;Work Sans||||||||&#8221; body_line_height=&#8221;1.5em&#8221; background_enable_color=&#8221;off&#8221; image_icon_custom_margin=&#8221;||||false|false&#8221; image_icon_custom_padding=&#8221;||||false|false&#8221; custom_margin=&#8221;0px||20px||false|false&#8221; custom_padding=&#8221;||||false|false&#8221; custom_css_main_element=&#8221;color: #171b3f;&#8221; border_color_all=&#8221;RGBA(255,255,255,0)&#8221; border_width_top=&#8221;1px&#8221; border_width_right=&#8221;1px&#8221; border_width_bottom=&#8221;1px&#8221; border_width_left=&#8221;1px&#8221; saved_tabs=&#8221;all&#8221; locked=&#8221;off&#8221; global_colors_info=&#8221;{}&#8221;]<strong>CRM ja myynti \u2013 <\/strong> Luo ja arkistoi tarjousdokumentit, sopimukset, asiakaskohtaiset muistiot ja kaikki muu asiakasdokumentaatio. T\u00e4rke\u00e4t dokumentit ovat aina j\u00e4rjestyksess\u00e4 ja nopeasti saatavilla.[\/et_pb_blurb][et_pb_blurb use_icon=&#8221;on&#8221; font_icon=&#8221;&#x4e;||divi||400&#8243; icon_color=&#8221;#54b9ea&#8221; image_icon_width=&#8221;35px&#8221; _builder_version=&#8221;4.21.0&#8243; _module_preset=&#8221;94cecc2d-6700-433f-80cb-2a262fe7c259&#8243; header_font=&#8221;Work Sans|700|||||||&#8221; header_text_color=&#8221;#171b3f&#8221; header_font_size=&#8221;17px&#8221; body_font=&#8221;Work Sans||||||||&#8221; body_line_height=&#8221;1.5em&#8221; background_enable_color=&#8221;off&#8221; image_icon_custom_margin=&#8221;||||false|false&#8221; image_icon_custom_padding=&#8221;||||false|false&#8221; custom_margin=&#8221;0px||40px||false|false&#8221; custom_padding=&#8221;||0px||false|false&#8221; custom_css_main_element=&#8221;color: #171b3f;&#8221; border_color_all=&#8221;RGBA(255,255,255,0)&#8221; border_width_top=&#8221;1px&#8221; border_width_right=&#8221;1px&#8221; border_width_bottom=&#8221;1px&#8221; border_width_left=&#8221;1px&#8221; saved_tabs=&#8221;all&#8221; locked=&#8221;off&#8221; global_colors_info=&#8221;{}&#8221;]<strong>Varastonhallinta \u2013 <\/strong>Tuote-, tilaus-, toimitus- ja kuljetusdokumentit helposti saatavilla.[\/et_pb_blurb][et_pb_text _builder_version=&#8221;4.21.0&#8243; _module_preset=&#8221;099a67fd-18d3-42e4-aa27-40a55a8a1dbc&#8221; text_font=&#8221;Work Sans||||||||&#8221; text_text_color=&#8221;#171b3f&#8221; custom_margin=&#8221;10px||50px||false|false&#8221; custom_padding=&#8221;||1px|||&#8221; text_font_size_tablet=&#8221;&#8221; text_font_size_phone=&#8221;16px&#8221; text_font_size_last_edited=&#8221;on|phone&#8221; global_colors_info=&#8221;{}&#8221;]<strong>Hy\u00f6dyt:<\/strong><span>\u00a0Nopeuttaa ty\u00f6skentely\u00e4, v\u00e4hent\u00e4\u00e4 virheit\u00e4 ja parantaa tiedon saatavuutta.<\/span>[\/et_pb_text][et_pb_button button_url=&#8221;https:\/\/help.lunni.io\/success\/ECM&#8221; button_text=&#8221;LUE LIS\u00c4\u00c4&#8221; button_alignment=&#8221;left&#8221; _builder_version=&#8221;4.21.0&#8243; _module_preset=&#8221;223bbb06-8a7f-4b2c-a7d1-1e4b1a9b12ee&#8221; button_bg_color=&#8221;#54b9ea&#8221; button_font=&#8221;Work Sans|700|||||||&#8221; button_icon=&#8221;&#x45;||divi||400&#8243; custom_margin=&#8221;40px||||false|false&#8221; hover_enabled=&#8221;0&#8243; global_colors_info=&#8221;{}&#8221; sticky_enabled=&#8221;0&#8243;][\/et_pb_button][\/et_pb_column][et_pb_column type=&#8221;1_2&#8243; _builder_version=&#8221;4.21.0&#8243; _module_preset=&#8221;default&#8221; global_colors_info=&#8221;{}&#8221;][et_pb_image src=&#8221;https:\/\/lunni.fi\/wordpress\/wp-content\/uploads\/2026\/02\/ECM.png&#8221; title_text=&#8221;ECM&#8221; align=&#8221;center&#8221; align_tablet=&#8221;center&#8221; align_phone=&#8221;center&#8221; align_last_edited=&#8221;on|desktop&#8221; _builder_version=&#8221;4.21.0&#8243; _module_preset=&#8221;default&#8221; width=&#8221;80%&#8221; max_width_tablet=&#8221;&#8221; max_width_phone=&#8221;&#8221; max_width_last_edited=&#8221;on|desktop&#8221; module_alignment=&#8221;center&#8221; custom_margin_tablet=&#8221;&#8221; custom_margin_phone=&#8221;20px||||false|false&#8221; custom_margin_last_edited=&#8221;on|phone&#8221; global_colors_info=&#8221;{}&#8221;][\/et_pb_image][\/et_pb_column][\/et_pb_row][\/et_pb_section]<\/p>\n","protected":false},"excerpt":{"rendered":"<p>ECM \u2013 Organisaation dokumenttien ja sis\u00e4lt\u00f6jen hallintaanLunni360 ECM (Enterprise Content Management) tuo kaikki asiakirjat ja dokumentit yhteen paikkaan, suoraan oikeaan\/ oikeisiin asiayhteyksiin. Rajaton tallennustila (mm. AWS S3), kaikki tiedostotyypit tallennettavissa.\u00a0 Asiakirjat l\u00f6ytyv\u00e4t nopeasti, s\u00e4\u00e4styy aikaa, ty\u00f6skentely tehostuu, virheet v\u00e4henev\u00e4t ja kustannukset pienenev\u00e4t.Vastauksia, kun niit\u00e4 tarvitaan \u2013 Asiakirjat voidaan yhdist\u00e4\u00e4 asiakkaisiin, tapaamisiin, tilauksiin, ty\u00f6m\u00e4\u00e4r\u00e4imiin, laitteisiin ja [&hellip;]<\/p>\n","protected":false},"author":3,"featured_media":0,"parent":0,"menu_order":0,"comment_status":"closed","ping_status":"closed","template":"","meta":{"_et_pb_use_builder":"on","_et_pb_old_content":"","_et_gb_content_width":"","footnotes":""},"class_list":["post-2723","page","type-page","status-publish","hentry"],"yoast_head":"<!-- This site is optimized with the Yoast SEO plugin v27.4 - https:\/\/yoast.com\/product\/yoast-seo-wordpress\/ -->\n<title>ECM - Organisaation dokumenttien ja sis\u00e4lt\u00f6jen hallintaan - Lunni<\/title>\n<meta name=\"robots\" content=\"index, follow, max-snippet:-1, max-image-preview:large, max-video-preview:-1\" \/>\n<link rel=\"canonical\" href=\"https:\/\/lunni.fi\/en\/ecm-organisaation-dokumenttien-ja-sisaltojen-hallintaan\/\" \/>\n<meta property=\"og:locale\" content=\"en_GB\" \/>\n<meta property=\"og:type\" content=\"article\" \/>\n<meta property=\"og:title\" content=\"ECM - Organisaation dokumenttien ja sis\u00e4lt\u00f6jen hallintaan - Lunni\" \/>\n<meta property=\"og:description\" content=\"ECM \u2013 Organisaation dokumenttien ja sis\u00e4lt\u00f6jen hallintaanLunni360 ECM (Enterprise Content Management) tuo kaikki asiakirjat ja dokumentit yhteen paikkaan, suoraan oikeaan\/ oikeisiin asiayhteyksiin. Rajaton tallennustila (mm. AWS S3), kaikki tiedostotyypit tallennettavissa.\u00a0 Asiakirjat l\u00f6ytyv\u00e4t nopeasti, s\u00e4\u00e4styy aikaa, ty\u00f6skentely tehostuu, virheet v\u00e4henev\u00e4t ja kustannukset pienenev\u00e4t.Vastauksia, kun niit\u00e4 tarvitaan \u2013 Asiakirjat voidaan yhdist\u00e4\u00e4 asiakkaisiin, tapaamisiin, tilauksiin, ty\u00f6m\u00e4\u00e4r\u00e4imiin, laitteisiin ja [&hellip;]\" \/>\n<meta property=\"og:url\" content=\"https:\/\/lunni.fi\/en\/ecm-organisaation-dokumenttien-ja-sisaltojen-hallintaan\/\" \/>\n<meta property=\"og:site_name\" content=\"Lunni\" \/>\n<meta property=\"article:modified_time\" content=\"2026-03-02T17:30:21+00:00\" \/>\n<meta name=\"twitter:card\" content=\"summary_large_image\" \/>\n<script type=\"application\/ld+json\" class=\"yoast-schema-graph\">{\"@context\":\"https:\\\/\\\/schema.org\",\"@graph\":[{\"@type\":\"WebPage\",\"@id\":\"https:\\\/\\\/lunni.fi\\\/ecm-organisaation-dokumenttien-ja-sisaltojen-hallintaan\\\/\",\"url\":\"https:\\\/\\\/lunni.fi\\\/ecm-organisaation-dokumenttien-ja-sisaltojen-hallintaan\\\/\",\"name\":\"ECM - Organisaation dokumenttien ja sis\u00e4lt\u00f6jen hallintaan - Lunni\",\"isPartOf\":{\"@id\":\"https:\\\/\\\/lunni.fi\\\/#website\"},\"datePublished\":\"2026-02-19T23:00:52+00:00\",\"dateModified\":\"2026-03-02T17:30:21+00:00\",\"breadcrumb\":{\"@id\":\"https:\\\/\\\/lunni.fi\\\/ecm-organisaation-dokumenttien-ja-sisaltojen-hallintaan\\\/#breadcrumb\"},\"inLanguage\":\"en-GB\",\"potentialAction\":[{\"@type\":\"ReadAction\",\"target\":[\"https:\\\/\\\/lunni.fi\\\/ecm-organisaation-dokumenttien-ja-sisaltojen-hallintaan\\\/\"]}]},{\"@type\":\"BreadcrumbList\",\"@id\":\"https:\\\/\\\/lunni.fi\\\/ecm-organisaation-dokumenttien-ja-sisaltojen-hallintaan\\\/#breadcrumb\",\"itemListElement\":[{\"@type\":\"ListItem\",\"position\":1,\"name\":\"Etusivu\",\"item\":\"https:\\\/\\\/lunni.fi\\\/\"},{\"@type\":\"ListItem\",\"position\":2,\"name\":\"ECM &#8211; Organisaation dokumenttien ja sis\u00e4lt\u00f6jen hallintaan\"}]},{\"@type\":\"WebSite\",\"@id\":\"https:\\\/\\\/lunni.fi\\\/#website\",\"url\":\"https:\\\/\\\/lunni.fi\\\/\",\"name\":\"Lunni\",\"description\":\"\",\"potentialAction\":[{\"@type\":\"SearchAction\",\"target\":{\"@type\":\"EntryPoint\",\"urlTemplate\":\"https:\\\/\\\/lunni.fi\\\/?s={search_term_string}\"},\"query-input\":{\"@type\":\"PropertyValueSpecification\",\"valueRequired\":true,\"valueName\":\"search_term_string\"}}],\"inLanguage\":\"en-GB\"}]}<\/script>\n<!-- \/ Yoast SEO plugin. -->","yoast_head_json":{"title":"ECM - Organisaation dokumenttien ja sis\u00e4lt\u00f6jen hallintaan - Lunni","robots":{"index":"index","follow":"follow","max-snippet":"max-snippet:-1","max-image-preview":"max-image-preview:large","max-video-preview":"max-video-preview:-1"},"canonical":"https:\/\/lunni.fi\/en\/ecm-organisaation-dokumenttien-ja-sisaltojen-hallintaan\/","og_locale":"en_GB","og_type":"article","og_title":"ECM - Organisaation dokumenttien ja sis\u00e4lt\u00f6jen hallintaan - Lunni","og_description":"ECM \u2013 Organisaation dokumenttien ja sis\u00e4lt\u00f6jen hallintaanLunni360 ECM (Enterprise Content Management) tuo kaikki asiakirjat ja dokumentit yhteen paikkaan, suoraan oikeaan\/ oikeisiin asiayhteyksiin. Rajaton tallennustila (mm. AWS S3), kaikki tiedostotyypit tallennettavissa.\u00a0 Asiakirjat l\u00f6ytyv\u00e4t nopeasti, s\u00e4\u00e4styy aikaa, ty\u00f6skentely tehostuu, virheet v\u00e4henev\u00e4t ja kustannukset pienenev\u00e4t.Vastauksia, kun niit\u00e4 tarvitaan \u2013 Asiakirjat voidaan yhdist\u00e4\u00e4 asiakkaisiin, tapaamisiin, tilauksiin, ty\u00f6m\u00e4\u00e4r\u00e4imiin, laitteisiin ja [&hellip;]","og_url":"https:\/\/lunni.fi\/en\/ecm-organisaation-dokumenttien-ja-sisaltojen-hallintaan\/","og_site_name":"Lunni","article_modified_time":"2026-03-02T17:30:21+00:00","twitter_card":"summary_large_image","schema":{"@context":"https:\/\/schema.org","@graph":[{"@type":"WebPage","@id":"https:\/\/lunni.fi\/ecm-organisaation-dokumenttien-ja-sisaltojen-hallintaan\/","url":"https:\/\/lunni.fi\/ecm-organisaation-dokumenttien-ja-sisaltojen-hallintaan\/","name":"ECM - Organisaation dokumenttien ja sis\u00e4lt\u00f6jen hallintaan - Lunni","isPartOf":{"@id":"https:\/\/lunni.fi\/#website"},"datePublished":"2026-02-19T23:00:52+00:00","dateModified":"2026-03-02T17:30:21+00:00","breadcrumb":{"@id":"https:\/\/lunni.fi\/ecm-organisaation-dokumenttien-ja-sisaltojen-hallintaan\/#breadcrumb"},"inLanguage":"en-GB","potentialAction":[{"@type":"ReadAction","target":["https:\/\/lunni.fi\/ecm-organisaation-dokumenttien-ja-sisaltojen-hallintaan\/"]}]},{"@type":"BreadcrumbList","@id":"https:\/\/lunni.fi\/ecm-organisaation-dokumenttien-ja-sisaltojen-hallintaan\/#breadcrumb","itemListElement":[{"@type":"ListItem","position":1,"name":"Etusivu","item":"https:\/\/lunni.fi\/"},{"@type":"ListItem","position":2,"name":"ECM &#8211; Organisaation dokumenttien ja sis\u00e4lt\u00f6jen hallintaan"}]},{"@type":"WebSite","@id":"https:\/\/lunni.fi\/#website","url":"https:\/\/lunni.fi\/","name":"Lunni","description":"","potentialAction":[{"@type":"SearchAction","target":{"@type":"EntryPoint","urlTemplate":"https:\/\/lunni.fi\/?s={search_term_string}"},"query-input":{"@type":"PropertyValueSpecification","valueRequired":true,"valueName":"search_term_string"}}],"inLanguage":"en-GB"}]}},"_links":{"self":[{"href":"https:\/\/lunni.fi\/en\/wp-json\/wp\/v2\/pages\/2723","targetHints":{"allow":["GET"]}}],"collection":[{"href":"https:\/\/lunni.fi\/en\/wp-json\/wp\/v2\/pages"}],"about":[{"href":"https:\/\/lunni.fi\/en\/wp-json\/wp\/v2\/types\/page"}],"author":[{"embeddable":true,"href":"https:\/\/lunni.fi\/en\/wp-json\/wp\/v2\/users\/3"}],"replies":[{"embeddable":true,"href":"https:\/\/lunni.fi\/en\/wp-json\/wp\/v2\/comments?post=2723"}],"version-history":[{"count":5,"href":"https:\/\/lunni.fi\/en\/wp-json\/wp\/v2\/pages\/2723\/revisions"}],"predecessor-version":[{"id":3190,"href":"https:\/\/lunni.fi\/en\/wp-json\/wp\/v2\/pages\/2723\/revisions\/3190"}],"wp:attachment":[{"href":"https:\/\/lunni.fi\/en\/wp-json\/wp\/v2\/media?parent=2723"}],"curies":[{"name":"wp","href":"https:\/\/api.w.org\/{rel}","templated":true}]}}