{"id":2720,"date":"2026-02-19T19:14:52","date_gmt":"2026-02-19T19:14:52","guid":{"rendered":"https:\/\/lunni.fi\/?page_id=2720"},"modified":"2026-03-02T17:36:53","modified_gmt":"2026-03-02T17:36:53","slug":"api-dynaaminen-rajapinta-integrointiin","status":"publish","type":"page","link":"https:\/\/lunni.fi\/da\/api-dynaaminen-rajapinta-integrointiin\/","title":{"rendered":"API - Dynamisk gr\u00e6nseflade til integration"},"content":{"rendered":"<p>[et_pb_section fb_built=&#8221;1&#8243; _builder_version=&#8221;4.21.0&#8243; _module_preset=&#8221;default&#8221; background_enable_image=&#8221;off&#8221; custom_margin=&#8221;||-60px||false|false&#8221; custom_margin_tablet=&#8221;&#8221; custom_margin_phone=&#8221;|30px|-100px|30px|false|false&#8221; custom_margin_last_edited=&#8221;on|phone&#8221; custom_padding=&#8221;||||false|false&#8221; global_colors_info=&#8221;{}&#8221;][et_pb_row column_structure=&#8221;1_2,1_2&#8243; _builder_version=&#8221;4.21.0&#8243; _module_preset=&#8221;default&#8221; width=&#8221;100%&#8221; max_width=&#8221;1530px&#8221; custom_margin_tablet=&#8221;&#8221; custom_margin_phone=&#8221;|||0px|false|false&#8221; custom_margin_last_edited=&#8221;on|desktop&#8221; custom_padding=&#8221;|0px|||false|false&#8221; global_colors_info=&#8221;{}&#8221;][et_pb_column type=&#8221;1_2&#8243; _builder_version=&#8221;4.21.0&#8243; _module_preset=&#8221;default&#8221; custom_padding=&#8221;|||220px|false|false&#8221; custom_padding_tablet=&#8221;|||50px|false|false&#8221; custom_padding_phone=&#8221;|0px||0px|false|false&#8221; custom_padding_last_edited=&#8221;on|phone&#8221; global_colors_info=&#8221;{}&#8221;][et_pb_text _builder_version=&#8221;4.21.0&#8243; _module_preset=&#8221;bf55779e-4f80-4274-bd41-af9c984da068&#8243; text_text_color=&#8221;#353534&#8243; header_font=&#8221;Work Sans||||||||&#8221; header_font_size=&#8221;52px&#8221; header_2_font=&#8221;Montserrat||||||||&#8221; header_2_font_size=&#8221;47px&#8221; custom_margin=&#8221;||10px||false|false&#8221; header_font_size_phone=&#8221;48px&#8221; global_colors_info=&#8221;{}&#8221;]<\/p>\n<h1>API &#8211; Dynaaminen rajapinta integrointiin<\/h1>\n<p>[\/et_pb_text][et_pb_text _builder_version=&#8221;4.21.0&#8243; _module_preset=&#8221;099a67fd-18d3-42e4-aa27-40a55a8a1dbc&#8221; text_font=&#8221;Work Sans||||||||&#8221; text_text_color=&#8221;#171b3f&#8221; custom_margin=&#8221;||40px||false|false&#8221; custom_padding=&#8221;||0px|||&#8221; text_font_size_tablet=&#8221;&#8221; text_font_size_phone=&#8221;16px&#8221; text_font_size_last_edited=&#8221;on|phone&#8221; global_colors_info=&#8221;{}&#8221;]<\/p>\n<p><span>Asiakkaille tarjoamme mahdollisuuden monipuolisiin ja integroituihin ratkaisuihin. <\/span><span>Lunni360 yhdistyy ja on yhdistett\u00e4viss\u00e4 l\u00e4hes mihin vain j\u00e4rjestelm\u00e4\u00e4n.<br \/><\/span><span><\/span><\/p>\n<p><span>Muutamia integrointisuuntia ovat mm. <\/span><span>Taloushallinnon j\u00e4rjestelm\u00e4t, ERP j\u00e4rjestelm\u00e4t, s\u00e4hk\u00f6postit, kalenterit, puhelinkeskukset, markkinoinnin ty\u00f6kalut, data-palvelut, anturit, verkkolomakkeet, integraatio-alustat<\/span><\/p>\n<p>[\/et_pb_text][et_pb_blurb use_icon=&#8221;on&#8221; font_icon=&#8221;&#x4e;||divi||400&#8243; icon_color=&#8221;#54b9ea&#8221; image_icon_width=&#8221;35px&#8221; _builder_version=&#8221;4.21.0&#8243; _module_preset=&#8221;94cecc2d-6700-433f-80cb-2a262fe7c259&#8243; header_font=&#8221;Work Sans|700|||||||&#8221; header_text_color=&#8221;#171b3f&#8221; header_font_size=&#8221;17px&#8221; body_font=&#8221;Work Sans||||||||&#8221; body_line_height=&#8221;1.5em&#8221; background_enable_color=&#8221;off&#8221; image_icon_custom_margin=&#8221;||||false|false&#8221; image_icon_custom_padding=&#8221;||||false|false&#8221; custom_margin=&#8221;0px||20px||false|false&#8221; custom_padding=&#8221;||||false|false&#8221; custom_css_main_element=&#8221;color: #171b3f;&#8221; border_color_all=&#8221;RGBA(255,255,255,0)&#8221; border_width_top=&#8221;1px&#8221; border_width_right=&#8221;1px&#8221; border_width_bottom=&#8221;1px&#8221; border_width_left=&#8221;1px&#8221; saved_tabs=&#8221;all&#8221; locked=&#8221;off&#8221; global_colors_info=&#8221;{}&#8221;]<\/p>\n<p><strong>Taloushallinto \u2013<\/strong> vakiomuotoiset ja mukautettavat integraatiot siirt\u00e4\u00e4 mm. asiakas-, tuote-, tilaus-, ostotilaus, varastosaldo ja ostolaskutietoa.<\/p>\n<p>[\/et_pb_blurb][et_pb_blurb use_icon=&#8221;on&#8221; font_icon=&#8221;&#x4e;||divi||400&#8243; icon_color=&#8221;#54b9ea&#8221; image_icon_width=&#8221;35px&#8221; _builder_version=&#8221;4.21.0&#8243; _module_preset=&#8221;94cecc2d-6700-433f-80cb-2a262fe7c259&#8243; header_font=&#8221;Work Sans|700|||||||&#8221; header_text_color=&#8221;#171b3f&#8221; header_font_size=&#8221;17px&#8221; body_font=&#8221;Work Sans||||||||&#8221; body_line_height=&#8221;1.5em&#8221; background_enable_color=&#8221;off&#8221; image_icon_custom_margin=&#8221;||||false|false&#8221; image_icon_custom_padding=&#8221;||||false|false&#8221; custom_margin=&#8221;0px||20px||false|false&#8221; custom_padding=&#8221;||||false|false&#8221; custom_css_main_element=&#8221;color: #171b3f;&#8221; border_color_all=&#8221;RGBA(255,255,255,0)&#8221; border_width_top=&#8221;1px&#8221; border_width_right=&#8221;1px&#8221; border_width_bottom=&#8221;1px&#8221; border_width_left=&#8221;1px&#8221; saved_tabs=&#8221;all&#8221; locked=&#8221;off&#8221; global_colors_info=&#8221;{}&#8221;]<\/p>\n<p><strong>S\u00e4hk\u00f6postit \u2013<\/strong> saapuvat s\u00e4hk\u00f6postit voidaan lukea sis\u00e4\u00e4n Lunniin ja my\u00f6s l\u00e4hetett\u00e4v\u00e4t viestit voidaan ohjata esimerkiksi myyj\u00e4n oman O365 s\u00e4hk\u00f6postitilin kautta.<\/p>\n<p>[\/et_pb_blurb][et_pb_blurb use_icon=&#8221;on&#8221; font_icon=&#8221;&#x4e;||divi||400&#8243; icon_color=&#8221;#54b9ea&#8221; image_icon_width=&#8221;35px&#8221; _builder_version=&#8221;4.21.0&#8243; _module_preset=&#8221;94cecc2d-6700-433f-80cb-2a262fe7c259&#8243; header_font=&#8221;Work Sans|700|||||||&#8221; header_text_color=&#8221;#171b3f&#8221; header_font_size=&#8221;17px&#8221; body_font=&#8221;Work Sans||||||||&#8221; body_line_height=&#8221;1.5em&#8221; background_enable_color=&#8221;off&#8221; image_icon_custom_margin=&#8221;||||false|false&#8221; image_icon_custom_padding=&#8221;||||false|false&#8221; custom_margin=&#8221;0px||40px||false|false&#8221; custom_padding=&#8221;||0px||false|false&#8221; custom_css_main_element=&#8221;color: #171b3f;&#8221; border_color_all=&#8221;RGBA(255,255,255,0)&#8221; border_width_top=&#8221;1px&#8221; border_width_right=&#8221;1px&#8221; border_width_bottom=&#8221;1px&#8221; border_width_left=&#8221;1px&#8221; saved_tabs=&#8221;all&#8221; locked=&#8221;off&#8221; global_colors_info=&#8221;{}&#8221;]<\/p>\n<p><strong>Tee se itse \u2013<\/strong> dokumentoitu rajapinta tarjoaa parhaat ty\u00f6kalut kehitt\u00e4j\u00e4lle; API, API-asettelut, webhookit, k\u00e4ynnistimet, ty\u00f6nkulut.<\/p>\n<p>[\/et_pb_blurb][et_pb_text _builder_version=&#8221;4.21.0&#8243; _module_preset=&#8221;099a67fd-18d3-42e4-aa27-40a55a8a1dbc&#8221; text_font=&#8221;Work Sans||||||||&#8221; text_text_color=&#8221;#171b3f&#8221; custom_margin=&#8221;10px||50px||false|false&#8221; custom_padding=&#8221;||1px|||&#8221; text_font_size_tablet=&#8221;&#8221; text_font_size_phone=&#8221;16px&#8221; text_font_size_last_edited=&#8221;on|phone&#8221; global_colors_info=&#8221;{}&#8221;]<\/p>\n<p><span>https:\/\/apidoc.lunni.io<\/span><\/p>\n<p>Rajapinta on dynaaminen ja kattava, sis\u00e4lt\u00e4en j\u00e4rjestelm\u00e4n vakiokent\u00e4t sek\u00e4 \u2013 asiakaskohtaiset \u201dcustom-kent\u00e4t\u201d.<\/p>\n<p><strong>Yhdist\u00e4misen iloa!<\/strong><\/p>\n<p>[\/et_pb_text][et_pb_button button_url=&#8221;https:\/\/help.lunni.io\/success\/API&#8221; button_text=&#8221;LUE LIS\u00c4\u00c4&#8221; button_alignment=&#8221;left&#8221; _builder_version=&#8221;4.21.0&#8243; _module_preset=&#8221;223bbb06-8a7f-4b2c-a7d1-1e4b1a9b12ee&#8221; button_bg_color=&#8221;#54b9ea&#8221; button_font=&#8221;Work Sans|700|||||||&#8221; button_icon=&#8221;&#x45;||divi||400&#8243; custom_margin=&#8221;40px||||false|false&#8221; hover_enabled=&#8221;0&#8243; global_colors_info=&#8221;{}&#8221; sticky_enabled=&#8221;0&#8243;][\/et_pb_button][\/et_pb_column][et_pb_column type=&#8221;1_2&#8243; _builder_version=&#8221;4.21.0&#8243; _module_preset=&#8221;default&#8221; global_colors_info=&#8221;{}&#8221;][et_pb_image src=&#8221;https:\/\/lunni.fi\/wordpress\/wp-content\/uploads\/2026\/02\/API.png&#8221; title_text=&#8221;API&#8221; align=&#8221;center&#8221; align_tablet=&#8221;center&#8221; align_phone=&#8221;center&#8221; align_last_edited=&#8221;on|desktop&#8221; _builder_version=&#8221;4.21.0&#8243; _module_preset=&#8221;default&#8221; width=&#8221;80%&#8221; max_width_tablet=&#8221;&#8221; max_width_phone=&#8221;&#8221; max_width_last_edited=&#8221;on|desktop&#8221; custom_margin_tablet=&#8221;&#8221; custom_margin_phone=&#8221;20px||||false|false&#8221; custom_margin_last_edited=&#8221;on|phone&#8221; global_colors_info=&#8221;{}&#8221;][\/et_pb_image][\/et_pb_column][\/et_pb_row][\/et_pb_section]<\/p>\n","protected":false},"excerpt":{"rendered":"<p>API &#8211; Dynaaminen rajapinta integrointiinAsiakkaille tarjoamme mahdollisuuden monipuolisiin ja integroituihin ratkaisuihin. Lunni360 yhdistyy ja on yhdistett\u00e4viss\u00e4 l\u00e4hes mihin vain j\u00e4rjestelm\u00e4\u00e4n. Muutamia integrointisuuntia ovat mm. Taloushallinnon j\u00e4rjestelm\u00e4t, ERP j\u00e4rjestelm\u00e4t, s\u00e4hk\u00f6postit, kalenterit, puhelinkeskukset, markkinoinnin ty\u00f6kalut, data-palvelut, anturit, verkkolomakkeet, integraatio-alustatTaloushallinto \u2013 vakiomuotoiset ja mukautettavat integraatiot siirt\u00e4\u00e4 mm. asiakas-, tuote-, tilaus-, ostotilaus, varastosaldo ja ostolaskutietoa.S\u00e4hk\u00f6postit \u2013 saapuvat s\u00e4hk\u00f6postit voidaan [&hellip;]<\/p>\n","protected":false},"author":3,"featured_media":0,"parent":0,"menu_order":0,"comment_status":"closed","ping_status":"closed","template":"","meta":{"_et_pb_use_builder":"on","_et_pb_old_content":"","_et_gb_content_width":"","footnotes":""},"class_list":["post-2720","page","type-page","status-publish","hentry"],"yoast_head":"<!-- This site is optimized with the Yoast SEO plugin v27.4 - https:\/\/yoast.com\/product\/yoast-seo-wordpress\/ -->\n<title>API - Dynaaminen rajapinta integrointiin - Lunni<\/title>\n<meta name=\"robots\" content=\"index, follow, max-snippet:-1, max-image-preview:large, max-video-preview:-1\" \/>\n<link rel=\"canonical\" href=\"https:\/\/lunni.fi\/da\/api-dynaaminen-rajapinta-integrointiin\/\" \/>\n<meta property=\"og:locale\" content=\"da_DK\" \/>\n<meta property=\"og:type\" content=\"article\" \/>\n<meta property=\"og:title\" content=\"API - Dynaaminen rajapinta integrointiin - Lunni\" \/>\n<meta property=\"og:description\" content=\"API - Dynaaminen rajapinta integrointiinAsiakkaille tarjoamme mahdollisuuden monipuolisiin ja integroituihin ratkaisuihin. Lunni360 yhdistyy ja on yhdistett\u00e4viss\u00e4 l\u00e4hes mihin vain j\u00e4rjestelm\u00e4\u00e4n. Muutamia integrointisuuntia ovat mm. Taloushallinnon j\u00e4rjestelm\u00e4t, ERP j\u00e4rjestelm\u00e4t, s\u00e4hk\u00f6postit, kalenterit, puhelinkeskukset, markkinoinnin ty\u00f6kalut, data-palvelut, anturit, verkkolomakkeet, integraatio-alustatTaloushallinto \u2013 vakiomuotoiset ja mukautettavat integraatiot siirt\u00e4\u00e4 mm. asiakas-, tuote-, tilaus-, ostotilaus, varastosaldo ja ostolaskutietoa.S\u00e4hk\u00f6postit \u2013 saapuvat s\u00e4hk\u00f6postit voidaan [&hellip;]\" \/>\n<meta property=\"og:url\" content=\"https:\/\/lunni.fi\/da\/api-dynaaminen-rajapinta-integrointiin\/\" \/>\n<meta property=\"og:site_name\" content=\"Lunni\" \/>\n<meta property=\"article:modified_time\" content=\"2026-03-02T17:36:53+00:00\" \/>\n<meta name=\"twitter:card\" content=\"summary_large_image\" \/>\n<script type=\"application\/ld+json\" class=\"yoast-schema-graph\">{\"@context\":\"https:\\\/\\\/schema.org\",\"@graph\":[{\"@type\":\"WebPage\",\"@id\":\"https:\\\/\\\/lunni.fi\\\/api-dynaaminen-rajapinta-integrointiin\\\/\",\"url\":\"https:\\\/\\\/lunni.fi\\\/api-dynaaminen-rajapinta-integrointiin\\\/\",\"name\":\"API - Dynaaminen rajapinta integrointiin - Lunni\",\"isPartOf\":{\"@id\":\"https:\\\/\\\/lunni.fi\\\/#website\"},\"datePublished\":\"2026-02-19T19:14:52+00:00\",\"dateModified\":\"2026-03-02T17:36:53+00:00\",\"breadcrumb\":{\"@id\":\"https:\\\/\\\/lunni.fi\\\/api-dynaaminen-rajapinta-integrointiin\\\/#breadcrumb\"},\"inLanguage\":\"da-DK\",\"potentialAction\":[{\"@type\":\"ReadAction\",\"target\":[\"https:\\\/\\\/lunni.fi\\\/api-dynaaminen-rajapinta-integrointiin\\\/\"]}]},{\"@type\":\"BreadcrumbList\",\"@id\":\"https:\\\/\\\/lunni.fi\\\/api-dynaaminen-rajapinta-integrointiin\\\/#breadcrumb\",\"itemListElement\":[{\"@type\":\"ListItem\",\"position\":1,\"name\":\"Etusivu\",\"item\":\"https:\\\/\\\/lunni.fi\\\/\"},{\"@type\":\"ListItem\",\"position\":2,\"name\":\"API &#8211; Dynaaminen rajapinta integrointiin\"}]},{\"@type\":\"WebSite\",\"@id\":\"https:\\\/\\\/lunni.fi\\\/#website\",\"url\":\"https:\\\/\\\/lunni.fi\\\/\",\"name\":\"Lunni\",\"description\":\"\",\"potentialAction\":[{\"@type\":\"SearchAction\",\"target\":{\"@type\":\"EntryPoint\",\"urlTemplate\":\"https:\\\/\\\/lunni.fi\\\/?s={search_term_string}\"},\"query-input\":{\"@type\":\"PropertyValueSpecification\",\"valueRequired\":true,\"valueName\":\"search_term_string\"}}],\"inLanguage\":\"da-DK\"}]}<\/script>\n<!-- \/ Yoast SEO plugin. -->","yoast_head_json":{"title":"API - Dynaaminen rajapinta integrointiin - Lunni","robots":{"index":"index","follow":"follow","max-snippet":"max-snippet:-1","max-image-preview":"max-image-preview:large","max-video-preview":"max-video-preview:-1"},"canonical":"https:\/\/lunni.fi\/da\/api-dynaaminen-rajapinta-integrointiin\/","og_locale":"da_DK","og_type":"article","og_title":"API - Dynaaminen rajapinta integrointiin - Lunni","og_description":"API - Dynaaminen rajapinta integrointiinAsiakkaille tarjoamme mahdollisuuden monipuolisiin ja integroituihin ratkaisuihin. Lunni360 yhdistyy ja on yhdistett\u00e4viss\u00e4 l\u00e4hes mihin vain j\u00e4rjestelm\u00e4\u00e4n. Muutamia integrointisuuntia ovat mm. Taloushallinnon j\u00e4rjestelm\u00e4t, ERP j\u00e4rjestelm\u00e4t, s\u00e4hk\u00f6postit, kalenterit, puhelinkeskukset, markkinoinnin ty\u00f6kalut, data-palvelut, anturit, verkkolomakkeet, integraatio-alustatTaloushallinto \u2013 vakiomuotoiset ja mukautettavat integraatiot siirt\u00e4\u00e4 mm. asiakas-, tuote-, tilaus-, ostotilaus, varastosaldo ja ostolaskutietoa.S\u00e4hk\u00f6postit \u2013 saapuvat s\u00e4hk\u00f6postit voidaan [&hellip;]","og_url":"https:\/\/lunni.fi\/da\/api-dynaaminen-rajapinta-integrointiin\/","og_site_name":"Lunni","article_modified_time":"2026-03-02T17:36:53+00:00","twitter_card":"summary_large_image","schema":{"@context":"https:\/\/schema.org","@graph":[{"@type":"WebPage","@id":"https:\/\/lunni.fi\/api-dynaaminen-rajapinta-integrointiin\/","url":"https:\/\/lunni.fi\/api-dynaaminen-rajapinta-integrointiin\/","name":"API - Dynaaminen rajapinta integrointiin - Lunni","isPartOf":{"@id":"https:\/\/lunni.fi\/#website"},"datePublished":"2026-02-19T19:14:52+00:00","dateModified":"2026-03-02T17:36:53+00:00","breadcrumb":{"@id":"https:\/\/lunni.fi\/api-dynaaminen-rajapinta-integrointiin\/#breadcrumb"},"inLanguage":"da-DK","potentialAction":[{"@type":"ReadAction","target":["https:\/\/lunni.fi\/api-dynaaminen-rajapinta-integrointiin\/"]}]},{"@type":"BreadcrumbList","@id":"https:\/\/lunni.fi\/api-dynaaminen-rajapinta-integrointiin\/#breadcrumb","itemListElement":[{"@type":"ListItem","position":1,"name":"Etusivu","item":"https:\/\/lunni.fi\/"},{"@type":"ListItem","position":2,"name":"API &#8211; Dynaaminen rajapinta integrointiin"}]},{"@type":"WebSite","@id":"https:\/\/lunni.fi\/#website","url":"https:\/\/lunni.fi\/","name":"Lunni","description":"","potentialAction":[{"@type":"SearchAction","target":{"@type":"EntryPoint","urlTemplate":"https:\/\/lunni.fi\/?s={search_term_string}"},"query-input":{"@type":"PropertyValueSpecification","valueRequired":true,"valueName":"search_term_string"}}],"inLanguage":"da-DK"}]}},"_links":{"self":[{"href":"https:\/\/lunni.fi\/da\/wp-json\/wp\/v2\/pages\/2720","targetHints":{"allow":["GET"]}}],"collection":[{"href":"https:\/\/lunni.fi\/da\/wp-json\/wp\/v2\/pages"}],"about":[{"href":"https:\/\/lunni.fi\/da\/wp-json\/wp\/v2\/types\/page"}],"author":[{"embeddable":true,"href":"https:\/\/lunni.fi\/da\/wp-json\/wp\/v2\/users\/3"}],"replies":[{"embeddable":true,"href":"https:\/\/lunni.fi\/da\/wp-json\/wp\/v2\/comments?post=2720"}],"version-history":[{"count":14,"href":"https:\/\/lunni.fi\/da\/wp-json\/wp\/v2\/pages\/2720\/revisions"}],"predecessor-version":[{"id":3195,"href":"https:\/\/lunni.fi\/da\/wp-json\/wp\/v2\/pages\/2720\/revisions\/3195"}],"wp:attachment":[{"href":"https:\/\/lunni.fi\/da\/wp-json\/wp\/v2\/media?parent=2720"}],"curies":[{"name":"wp","href":"https:\/\/api.w.org\/{rel}","templated":true}]}}