{"id":2681,"date":"2026-02-19T19:50:52","date_gmt":"2026-02-19T19:50:52","guid":{"rendered":"https:\/\/lunni.fi\/?page_id=2681"},"modified":"2026-03-02T17:33:46","modified_gmt":"2026-03-02T17:33:46","slug":"wms-varaston-ja-hankintojen-hallintaan","status":"publish","type":"page","link":"https:\/\/lunni.fi\/da\/wms-varaston-ja-hankintojen-hallintaan\/","title":{"rendered":"WMS &#8211; Varaston- ja hankintojen hallintaan"},"content":{"rendered":"<p>[et_pb_section fb_built=&#8221;1&#8243; _builder_version=&#8221;4.21.0&#8243; _module_preset=&#8221;default&#8221; background_enable_image=&#8221;off&#8221; custom_margin=&#8221;||-60px||false|false&#8221; custom_margin_tablet=&#8221;&#8221; custom_margin_phone=&#8221;|30px|-100px|30px|false|false&#8221; custom_margin_last_edited=&#8221;on|phone&#8221; custom_padding=&#8221;||||false|false&#8221; global_colors_info=&#8221;{}&#8221;][et_pb_row column_structure=&#8221;1_2,1_2&#8243; _builder_version=&#8221;4.21.0&#8243; _module_preset=&#8221;default&#8221; width=&#8221;100%&#8221; max_width=&#8221;1530px&#8221; custom_margin_tablet=&#8221;&#8221; custom_margin_phone=&#8221;|||0px|false|false&#8221; custom_margin_last_edited=&#8221;on|desktop&#8221; custom_padding=&#8221;|0px|||false|false&#8221; global_colors_info=&#8221;{}&#8221;][et_pb_column type=&#8221;1_2&#8243; _builder_version=&#8221;4.21.0&#8243; _module_preset=&#8221;default&#8221; custom_padding=&#8221;|||220px|false|false&#8221; custom_padding_tablet=&#8221;|||50px|false|false&#8221; custom_padding_phone=&#8221;|0px||0px|false|false&#8221; custom_padding_last_edited=&#8221;on|phone&#8221; global_colors_info=&#8221;{}&#8221;][et_pb_text _builder_version=&#8221;4.21.0&#8243; _module_preset=&#8221;bf55779e-4f80-4274-bd41-af9c984da068&#8243; text_text_color=&#8221;#353534&#8243; header_font=&#8221;Work Sans||||||||&#8221; header_font_size=&#8221;52px&#8221; header_2_font=&#8221;Montserrat||||||||&#8221; header_2_font_size=&#8221;47px&#8221; custom_margin=&#8221;||10px||false|false&#8221; header_font_size_phone=&#8221;46px&#8221; global_colors_info=&#8221;{}&#8221;]<\/p>\n<h1>WMS \u2013 Varaston- ja hankintojen hallintaan<\/h1>\n<p>[\/et_pb_text][et_pb_text _builder_version=&#8221;4.21.0&#8243; _module_preset=&#8221;099a67fd-18d3-42e4-aa27-40a55a8a1dbc&#8221; text_font=&#8221;Work Sans||||||||&#8221; text_text_color=&#8221;#171b3f&#8221; custom_margin=&#8221;||40px||false|false&#8221; text_font_size_tablet=&#8221;&#8221; text_font_size_phone=&#8221;16px&#8221; text_font_size_last_edited=&#8221;on|phone&#8221; global_colors_info=&#8221;{}&#8221;]<\/p>\n<p><span>Lunni360 (Warehouse Managementi System) tehokas varastonhallinta tarjoaa kaiken tarvittavan varastojen ja materiaalivirtojen hallintaan \u2013 helposti ja reaaliaikaisesti. J\u00e4rjestelm\u00e4 on aidosti mobiili.<\/span><\/p>\n<p>[\/et_pb_text][et_pb_blurb use_icon=&#8221;on&#8221; font_icon=&#8221;&#x4e;||divi||400&#8243; icon_color=&#8221;#54b9ea&#8221; image_icon_width=&#8221;35px&#8221; _builder_version=&#8221;4.21.0&#8243; _module_preset=&#8221;94cecc2d-6700-433f-80cb-2a262fe7c259&#8243; header_font=&#8221;Work Sans|700|||||||&#8221; header_text_color=&#8221;#171b3f&#8221; header_font_size=&#8221;17px&#8221; body_font=&#8221;Work Sans||||||||&#8221; body_line_height=&#8221;1.5em&#8221; background_enable_color=&#8221;off&#8221; image_icon_custom_margin=&#8221;||||false|false&#8221; image_icon_custom_padding=&#8221;||||false|false&#8221; custom_margin=&#8221;0px||20px||false|false&#8221; custom_padding=&#8221;||||false|false&#8221; custom_css_main_element=&#8221;color: #171b3f;&#8221; border_color_all=&#8221;RGBA(255,255,255,0)&#8221; border_width_top=&#8221;1px&#8221; border_width_right=&#8221;1px&#8221; border_width_bottom=&#8221;1px&#8221; border_width_left=&#8221;1px&#8221; saved_tabs=&#8221;all&#8221; locked=&#8221;off&#8221; global_colors_info=&#8221;{}&#8221;]<strong>Varastot ja varastopaikat \u2013 <\/strong> Hallitse useita varastoja ja pid\u00e4 tiedot ajan tasalla.[\/et_pb_blurb][et_pb_blurb use_icon=&#8221;on&#8221; font_icon=&#8221;&#x4e;||divi||400&#8243; icon_color=&#8221;#54b9ea&#8221; image_icon_width=&#8221;35px&#8221; _builder_version=&#8221;4.21.0&#8243; _module_preset=&#8221;94cecc2d-6700-433f-80cb-2a262fe7c259&#8243; header_font=&#8221;Work Sans|700|||||||&#8221; header_text_color=&#8221;#171b3f&#8221; header_font_size=&#8221;17px&#8221; body_font=&#8221;Work Sans||||||||&#8221; body_line_height=&#8221;1.5em&#8221; background_enable_color=&#8221;off&#8221; image_icon_custom_margin=&#8221;||||false|false&#8221; image_icon_custom_padding=&#8221;||||false|false&#8221; custom_margin=&#8221;0px||20px||false|false&#8221; custom_padding=&#8221;||||false|false&#8221; custom_css_main_element=&#8221;color: #171b3f;&#8221; border_color_all=&#8221;RGBA(255,255,255,0)&#8221; border_width_top=&#8221;1px&#8221; border_width_right=&#8221;1px&#8221; border_width_bottom=&#8221;1px&#8221; border_width_left=&#8221;1px&#8221; saved_tabs=&#8221;all&#8221; locked=&#8221;off&#8221; global_colors_info=&#8221;{}&#8221;]<strong>Varastotuotteet ja saldot \u2013<\/strong> Seuraa tuotteiden m\u00e4\u00e4ri\u00e4, m\u00e4\u00e4rit\u00e4 h\u00e4lytysrajat ja sujuvoita prosessia.[\/et_pb_blurb][et_pb_blurb use_icon=&#8221;on&#8221; font_icon=&#8221;&#x4e;||divi||400&#8243; icon_color=&#8221;#54b9ea&#8221; image_icon_width=&#8221;35px&#8221; _builder_version=&#8221;4.21.0&#8243; _module_preset=&#8221;94cecc2d-6700-433f-80cb-2a262fe7c259&#8243; header_font=&#8221;Work Sans|700|||||||&#8221; header_text_color=&#8221;#171b3f&#8221; header_font_size=&#8221;17px&#8221; body_font=&#8221;Work Sans||||||||&#8221; body_line_height=&#8221;1.5em&#8221; background_enable_color=&#8221;off&#8221; image_icon_custom_margin=&#8221;||||false|false&#8221; image_icon_custom_padding=&#8221;||||false|false&#8221; custom_margin=&#8221;0px||20px||false|false&#8221; custom_padding=&#8221;||||false|false&#8221; custom_css_main_element=&#8221;color: #171b3f;&#8221; border_color_all=&#8221;RGBA(255,255,255,0)&#8221; border_width_top=&#8221;1px&#8221; border_width_right=&#8221;1px&#8221; border_width_bottom=&#8221;1px&#8221; border_width_left=&#8221;1px&#8221; saved_tabs=&#8221;all&#8221; locked=&#8221;off&#8221; global_colors_info=&#8221;{}&#8221;]<strong>Varastotapahtumat ja siirrot \u2013 <\/strong> Kirjaa vastaanotot, siirrot ja kulutukset suoraan mobiilisti.[\/et_pb_blurb][et_pb_blurb use_icon=&#8221;on&#8221; font_icon=&#8221;&#x4e;||divi||400&#8243; icon_color=&#8221;#54b9ea&#8221; image_icon_width=&#8221;35px&#8221; _builder_version=&#8221;4.21.0&#8243; _module_preset=&#8221;94cecc2d-6700-433f-80cb-2a262fe7c259&#8243; header_font=&#8221;Work Sans|700|||||||&#8221; header_text_color=&#8221;#171b3f&#8221; header_font_size=&#8221;17px&#8221; body_font=&#8221;Work Sans||||||||&#8221; body_line_height=&#8221;1.5em&#8221; background_enable_color=&#8221;off&#8221; image_icon_custom_margin=&#8221;||||false|false&#8221; image_icon_custom_padding=&#8221;||||false|false&#8221; custom_margin=&#8221;0px||20px||false|false&#8221; custom_padding=&#8221;||||false|false&#8221; custom_css_main_element=&#8221;color: #171b3f;&#8221; border_color_all=&#8221;RGBA(255,255,255,0)&#8221; border_width_top=&#8221;1px&#8221; border_width_right=&#8221;1px&#8221; border_width_bottom=&#8221;1px&#8221; border_width_left=&#8221;1px&#8221; saved_tabs=&#8221;all&#8221; locked=&#8221;off&#8221; global_colors_info=&#8221;{}&#8221;]<strong>Autovarastot \u2013  <\/strong>Kentt\u00e4henkil\u00f6st\u00f6n varastot ovat aina mukana ja helposti hallittavissa.[\/et_pb_blurb][et_pb_blurb use_icon=&#8221;on&#8221; font_icon=&#8221;&#x4e;||divi||400&#8243; icon_color=&#8221;#54b9ea&#8221; image_icon_width=&#8221;35px&#8221; _builder_version=&#8221;4.21.0&#8243; _module_preset=&#8221;94cecc2d-6700-433f-80cb-2a262fe7c259&#8243; header_font=&#8221;Work Sans|700|||||||&#8221; header_text_color=&#8221;#171b3f&#8221; header_font_size=&#8221;17px&#8221; body_font=&#8221;Work Sans||||||||&#8221; body_line_height=&#8221;1.5em&#8221; background_enable_color=&#8221;off&#8221; image_icon_custom_margin=&#8221;||||false|false&#8221; image_icon_custom_padding=&#8221;||||false|false&#8221; custom_margin=&#8221;0px||20px||false|false&#8221; custom_padding=&#8221;||||false|false&#8221; custom_css_main_element=&#8221;color: #171b3f;&#8221; border_color_all=&#8221;RGBA(255,255,255,0)&#8221; border_width_top=&#8221;1px&#8221; border_width_right=&#8221;1px&#8221; border_width_bottom=&#8221;1px&#8221; border_width_left=&#8221;1px&#8221; saved_tabs=&#8221;all&#8221; locked=&#8221;off&#8221; global_colors_info=&#8221;{}&#8221;]<\/p>\n<p><strong>Inventointi \u2013 <\/strong>QR- ja viivakoodien avulla nopeutat inventaariota ja v\u00e4henn\u00e4t virheit\u00e4.<\/p>\n<p>[\/et_pb_blurb][et_pb_blurb use_icon=&#8221;on&#8221; font_icon=&#8221;&#x4e;||divi||400&#8243; icon_color=&#8221;#54b9ea&#8221; image_icon_width=&#8221;35px&#8221; _builder_version=&#8221;4.21.0&#8243; _module_preset=&#8221;94cecc2d-6700-433f-80cb-2a262fe7c259&#8243; header_font=&#8221;Work Sans|700|||||||&#8221; header_text_color=&#8221;#171b3f&#8221; header_font_size=&#8221;17px&#8221; body_font=&#8221;Work Sans||||||||&#8221; body_line_height=&#8221;1.5em&#8221; background_enable_color=&#8221;off&#8221; image_icon_custom_margin=&#8221;||||false|false&#8221; image_icon_custom_padding=&#8221;||||false|false&#8221; custom_margin=&#8221;0px||40px||false|false&#8221; custom_padding=&#8221;||0px||false|false&#8221; custom_css_main_element=&#8221;color: #171b3f;&#8221; border_color_all=&#8221;RGBA(255,255,255,0)&#8221; border_width_top=&#8221;1px&#8221; border_width_right=&#8221;1px&#8221; border_width_bottom=&#8221;1px&#8221; border_width_left=&#8221;1px&#8221; saved_tabs=&#8221;all&#8221; locked=&#8221;off&#8221; global_colors_info=&#8221;{}&#8221;]<\/p>\n<p><strong>Ostotilausprosessi \u2013 <\/strong>Hankintaehdotukset, tarjouspyynn\u00f6t, tilaukset ja vastaanotot samassa j\u00e4rjestelm\u00e4ss\u00e4.<\/p>\n<p>[\/et_pb_blurb][et_pb_text _builder_version=&#8221;4.21.0&#8243; _module_preset=&#8221;099a67fd-18d3-42e4-aa27-40a55a8a1dbc&#8221; text_font=&#8221;Work Sans||||||||&#8221; text_text_color=&#8221;#171b3f&#8221; custom_margin=&#8221;10px||50px||false|false&#8221; custom_padding=&#8221;||1px|||&#8221; text_font_size_tablet=&#8221;&#8221; text_font_size_phone=&#8221;16px&#8221; text_font_size_last_edited=&#8221;on|phone&#8221; global_colors_info=&#8221;{}&#8221;]<\/p>\n<p><strong>Mobiilik\u00e4ytt\u00f6<\/strong><span>\u00a0<\/span>\u2013 Kaikki toiminnot saatavilla suoraan kent\u00e4ll\u00e4, miss\u00e4 ja milloin tahansa.<\/p>\n<p><strong>Hy\u00f6dyt:<\/strong><span>\u00a0<\/span>Pienent\u00e4\u00e4 varaston hallintaan liittyvi\u00e4 kustannuksia, v\u00e4hent\u00e4\u00e4 h\u00e4vikin riski\u00e4 ja tehostaa materiaalivirtoja.<\/p>\n<p>[\/et_pb_text][et_pb_button button_url=&#8221;https:\/\/help.lunni.io\/success\/DI&#8221; button_text=&#8221;LUE LIS\u00c4\u00c4&#8221; button_alignment=&#8221;left&#8221; _builder_version=&#8221;4.21.0&#8243; _module_preset=&#8221;223bbb06-8a7f-4b2c-a7d1-1e4b1a9b12ee&#8221; button_bg_color=&#8221;#54b9ea&#8221; button_font=&#8221;Work Sans|700|||||||&#8221; button_icon=&#8221;&#x45;||divi||400&#8243; custom_margin=&#8221;40px||||false|false&#8221; hover_enabled=&#8221;0&#8243; global_colors_info=&#8221;{}&#8221; sticky_enabled=&#8221;0&#8243;][\/et_pb_button][\/et_pb_column][et_pb_column type=&#8221;1_2&#8243; _builder_version=&#8221;4.21.0&#8243; _module_preset=&#8221;default&#8221; global_colors_info=&#8221;{}&#8221;][et_pb_image src=&#8221;https:\/\/lunni.fi\/wordpress\/wp-content\/uploads\/2026\/02\/WMS2.png&#8221; title_text=&#8221;WMS&#8221; align=&#8221;center&#8221; align_tablet=&#8221;center&#8221; align_phone=&#8221;center&#8221; align_last_edited=&#8221;on|desktop&#8221; _builder_version=&#8221;4.21.0&#8243; _module_preset=&#8221;default&#8221; width=&#8221;80%&#8221; max_width_tablet=&#8221;&#8221; max_width_phone=&#8221;&#8221; max_width_last_edited=&#8221;on|desktop&#8221; module_alignment=&#8221;center&#8221; custom_margin_tablet=&#8221;&#8221; custom_margin_phone=&#8221;20px|10px||10px|false|false&#8221; custom_margin_last_edited=&#8221;on|phone&#8221; global_colors_info=&#8221;{}&#8221;][\/et_pb_image][\/et_pb_column][\/et_pb_row][\/et_pb_section]<\/p>\n","protected":false},"excerpt":{"rendered":"<p>WMS \u2013 Varaston- ja hankintojen hallintaanLunni360 (Warehouse Managementi System) tehokas varastonhallinta tarjoaa kaiken tarvittavan varastojen ja materiaalivirtojen hallintaan \u2013 helposti ja reaaliaikaisesti. J\u00e4rjestelm\u00e4 on aidosti mobiili.Varastot ja varastopaikat \u2013 Hallitse useita varastoja ja pid\u00e4 tiedot ajan tasalla.Varastotuotteet ja saldot \u2013 Seuraa tuotteiden m\u00e4\u00e4ri\u00e4, m\u00e4\u00e4rit\u00e4 h\u00e4lytysrajat ja sujuvoita prosessia.Varastotapahtumat ja siirrot \u2013 Kirjaa vastaanotot, siirrot ja [&hellip;]<\/p>\n","protected":false},"author":3,"featured_media":0,"parent":0,"menu_order":0,"comment_status":"closed","ping_status":"closed","template":"","meta":{"_et_pb_use_builder":"on","_et_pb_old_content":"","_et_gb_content_width":"","footnotes":""},"class_list":["post-2681","page","type-page","status-publish","hentry"],"yoast_head":"<!-- This site is optimized with the Yoast SEO plugin v27.4 - https:\/\/yoast.com\/product\/yoast-seo-wordpress\/ -->\n<title>WMS - Varaston- ja hankintojen hallintaan - Lunni<\/title>\n<meta name=\"robots\" content=\"index, follow, max-snippet:-1, max-image-preview:large, max-video-preview:-1\" \/>\n<link rel=\"canonical\" href=\"https:\/\/lunni.fi\/da\/wms-varaston-ja-hankintojen-hallintaan\/\" \/>\n<meta property=\"og:locale\" content=\"da_DK\" \/>\n<meta property=\"og:type\" content=\"article\" \/>\n<meta property=\"og:title\" content=\"WMS - Varaston- ja hankintojen hallintaan - Lunni\" \/>\n<meta property=\"og:description\" content=\"WMS \u2013 Varaston- ja hankintojen hallintaanLunni360 (Warehouse Managementi System) tehokas varastonhallinta tarjoaa kaiken tarvittavan varastojen ja materiaalivirtojen hallintaan \u2013 helposti ja reaaliaikaisesti. J\u00e4rjestelm\u00e4 on aidosti mobiili.Varastot ja varastopaikat \u2013 Hallitse useita varastoja ja pid\u00e4 tiedot ajan tasalla.Varastotuotteet ja saldot \u2013 Seuraa tuotteiden m\u00e4\u00e4ri\u00e4, m\u00e4\u00e4rit\u00e4 h\u00e4lytysrajat ja sujuvoita prosessia.Varastotapahtumat ja siirrot \u2013 Kirjaa vastaanotot, siirrot ja [&hellip;]\" \/>\n<meta property=\"og:url\" content=\"https:\/\/lunni.fi\/da\/wms-varaston-ja-hankintojen-hallintaan\/\" \/>\n<meta property=\"og:site_name\" content=\"Lunni\" \/>\n<meta property=\"article:modified_time\" content=\"2026-03-02T17:33:46+00:00\" \/>\n<meta name=\"twitter:card\" content=\"summary_large_image\" \/>\n<script type=\"application\/ld+json\" class=\"yoast-schema-graph\">{\"@context\":\"https:\\\/\\\/schema.org\",\"@graph\":[{\"@type\":\"WebPage\",\"@id\":\"https:\\\/\\\/lunni.fi\\\/wms-varaston-ja-hankintojen-hallintaan\\\/\",\"url\":\"https:\\\/\\\/lunni.fi\\\/wms-varaston-ja-hankintojen-hallintaan\\\/\",\"name\":\"WMS - Varaston- ja hankintojen hallintaan - Lunni\",\"isPartOf\":{\"@id\":\"https:\\\/\\\/lunni.fi\\\/#website\"},\"datePublished\":\"2026-02-19T19:50:52+00:00\",\"dateModified\":\"2026-03-02T17:33:46+00:00\",\"breadcrumb\":{\"@id\":\"https:\\\/\\\/lunni.fi\\\/wms-varaston-ja-hankintojen-hallintaan\\\/#breadcrumb\"},\"inLanguage\":\"da-DK\",\"potentialAction\":[{\"@type\":\"ReadAction\",\"target\":[\"https:\\\/\\\/lunni.fi\\\/wms-varaston-ja-hankintojen-hallintaan\\\/\"]}]},{\"@type\":\"BreadcrumbList\",\"@id\":\"https:\\\/\\\/lunni.fi\\\/wms-varaston-ja-hankintojen-hallintaan\\\/#breadcrumb\",\"itemListElement\":[{\"@type\":\"ListItem\",\"position\":1,\"name\":\"Etusivu\",\"item\":\"https:\\\/\\\/lunni.fi\\\/\"},{\"@type\":\"ListItem\",\"position\":2,\"name\":\"WMS &#8211; Varaston- ja hankintojen hallintaan\"}]},{\"@type\":\"WebSite\",\"@id\":\"https:\\\/\\\/lunni.fi\\\/#website\",\"url\":\"https:\\\/\\\/lunni.fi\\\/\",\"name\":\"Lunni\",\"description\":\"\",\"potentialAction\":[{\"@type\":\"SearchAction\",\"target\":{\"@type\":\"EntryPoint\",\"urlTemplate\":\"https:\\\/\\\/lunni.fi\\\/?s={search_term_string}\"},\"query-input\":{\"@type\":\"PropertyValueSpecification\",\"valueRequired\":true,\"valueName\":\"search_term_string\"}}],\"inLanguage\":\"da-DK\"}]}<\/script>\n<!-- \/ Yoast SEO plugin. -->","yoast_head_json":{"title":"WMS - Varaston- ja hankintojen hallintaan - Lunni","robots":{"index":"index","follow":"follow","max-snippet":"max-snippet:-1","max-image-preview":"max-image-preview:large","max-video-preview":"max-video-preview:-1"},"canonical":"https:\/\/lunni.fi\/da\/wms-varaston-ja-hankintojen-hallintaan\/","og_locale":"da_DK","og_type":"article","og_title":"WMS - Varaston- ja hankintojen hallintaan - Lunni","og_description":"WMS \u2013 Varaston- ja hankintojen hallintaanLunni360 (Warehouse Managementi System) tehokas varastonhallinta tarjoaa kaiken tarvittavan varastojen ja materiaalivirtojen hallintaan \u2013 helposti ja reaaliaikaisesti. J\u00e4rjestelm\u00e4 on aidosti mobiili.Varastot ja varastopaikat \u2013 Hallitse useita varastoja ja pid\u00e4 tiedot ajan tasalla.Varastotuotteet ja saldot \u2013 Seuraa tuotteiden m\u00e4\u00e4ri\u00e4, m\u00e4\u00e4rit\u00e4 h\u00e4lytysrajat ja sujuvoita prosessia.Varastotapahtumat ja siirrot \u2013 Kirjaa vastaanotot, siirrot ja [&hellip;]","og_url":"https:\/\/lunni.fi\/da\/wms-varaston-ja-hankintojen-hallintaan\/","og_site_name":"Lunni","article_modified_time":"2026-03-02T17:33:46+00:00","twitter_card":"summary_large_image","schema":{"@context":"https:\/\/schema.org","@graph":[{"@type":"WebPage","@id":"https:\/\/lunni.fi\/wms-varaston-ja-hankintojen-hallintaan\/","url":"https:\/\/lunni.fi\/wms-varaston-ja-hankintojen-hallintaan\/","name":"WMS - Varaston- ja hankintojen hallintaan - Lunni","isPartOf":{"@id":"https:\/\/lunni.fi\/#website"},"datePublished":"2026-02-19T19:50:52+00:00","dateModified":"2026-03-02T17:33:46+00:00","breadcrumb":{"@id":"https:\/\/lunni.fi\/wms-varaston-ja-hankintojen-hallintaan\/#breadcrumb"},"inLanguage":"da-DK","potentialAction":[{"@type":"ReadAction","target":["https:\/\/lunni.fi\/wms-varaston-ja-hankintojen-hallintaan\/"]}]},{"@type":"BreadcrumbList","@id":"https:\/\/lunni.fi\/wms-varaston-ja-hankintojen-hallintaan\/#breadcrumb","itemListElement":[{"@type":"ListItem","position":1,"name":"Etusivu","item":"https:\/\/lunni.fi\/"},{"@type":"ListItem","position":2,"name":"WMS &#8211; Varaston- ja hankintojen hallintaan"}]},{"@type":"WebSite","@id":"https:\/\/lunni.fi\/#website","url":"https:\/\/lunni.fi\/","name":"Lunni","description":"","potentialAction":[{"@type":"SearchAction","target":{"@type":"EntryPoint","urlTemplate":"https:\/\/lunni.fi\/?s={search_term_string}"},"query-input":{"@type":"PropertyValueSpecification","valueRequired":true,"valueName":"search_term_string"}}],"inLanguage":"da-DK"}]}},"_links":{"self":[{"href":"https:\/\/lunni.fi\/da\/wp-json\/wp\/v2\/pages\/2681","targetHints":{"allow":["GET"]}}],"collection":[{"href":"https:\/\/lunni.fi\/da\/wp-json\/wp\/v2\/pages"}],"about":[{"href":"https:\/\/lunni.fi\/da\/wp-json\/wp\/v2\/types\/page"}],"author":[{"embeddable":true,"href":"https:\/\/lunni.fi\/da\/wp-json\/wp\/v2\/users\/3"}],"replies":[{"embeddable":true,"href":"https:\/\/lunni.fi\/da\/wp-json\/wp\/v2\/comments?post=2681"}],"version-history":[{"count":22,"href":"https:\/\/lunni.fi\/da\/wp-json\/wp\/v2\/pages\/2681\/revisions"}],"predecessor-version":[{"id":3192,"href":"https:\/\/lunni.fi\/da\/wp-json\/wp\/v2\/pages\/2681\/revisions\/3192"}],"wp:attachment":[{"href":"https:\/\/lunni.fi\/da\/wp-json\/wp\/v2\/media?parent=2681"}],"curies":[{"name":"wp","href":"https:\/\/api.w.org\/{rel}","templated":true}]}}